


{"id":440,"date":"2015-12-17T14:19:38","date_gmt":"2015-12-17T13:19:38","guid":{"rendered":"http:\/\/www.alstkrnov.cz\/?page_id=440"},"modified":"2017-04-24T08:17:17","modified_gmt":"2017-04-24T07:17:17","slug":"uspesnost-jednotlivcu-2015","status":"publish","type":"page","link":"https:\/\/www.alstkrnov.cz\/?page_id=440","title":{"rendered":"\u00dasp\u011b\u0161nost jednotlivc\u016f 2015"},"content":{"rendered":"<div class=\"pf-content\"><p><strong>Hr\u00e1\u010di s 50% a v\u00edce odehran\u00fdch utk\u00e1n\u00ed<\/strong><\/p>\n<div class=\"sportspress\"><div class=\"sp-template sp-template-player-list\"><div class=\"sp-table-wrapper\"><table class=\"sp-player-list sp-data-table sp-sortable-table sp-scrollable-table\" data-sp-rows=\"10\"><thead><tr><th class=\"data-rank\">Po\u0159ad\u00ed<\/th><th class=\"data-name\">Hr\u00e1\u010d<\/th><th class=\"data-team\">T\u00fdm<\/th><th class=\"data-playedstats\">Z\u00e1pasy<\/th><th class=\"data-winstats\">V\u00edt\u011bzstv\u00ed<\/th><th class=\"data-lossstats\">Prohry<\/th><th class=\"data-spnost\">\u00dasp\u011b\u0161nost<\/th><\/tr><\/thead><tbody><tr class=\"odd\"><td class=\"data-rank\" data-label=\"#\">1<\/td><td class=\"data-name\" data-label=\"Hr\u00e1\u010d\">V\u00edt\u011bzslav Kadlec<\/td><td class=\"data-team\" data-label=\"T\u00fdm\"><a href=\"https:\/\/www.alstkrnov.cz\/?sp_team=minimax\">Minimax<\/a><\/td><td class=\"data-playedstats\" data-label=\"Z\u00e1pasy\">34<\/td><td class=\"data-winstats\" data-label=\"V\u00edt\u011bzstv\u00ed\">33<\/td><td class=\"data-lossstats\" data-label=\"Prohry\">1<\/td><td class=\"data-spnost\" data-label=\"\u00dasp\u011b\u0161nost\">97.06<\/td><\/tr><tr class=\"even\"><td class=\"data-rank\" data-label=\"#\">2<\/td><td class=\"data-name\" data-label=\"Hr\u00e1\u010d\">Alexandr Szeliga<\/td><td class=\"data-team\" data-label=\"T\u00fdm\"><a href=\"https:\/\/www.alstkrnov.cz\/?sp_team=orzel-ii-branice\">Orzel II Branice<\/a><\/td><td class=\"data-playedstats\" data-label=\"Z\u00e1pasy\">29<\/td><td class=\"data-winstats\" data-label=\"V\u00edt\u011bzstv\u00ed\">28<\/td><td class=\"data-lossstats\" data-label=\"Prohry\">1<\/td><td class=\"data-spnost\" data-label=\"\u00dasp\u011b\u0161nost\">96.55<\/td><\/tr><tr class=\"odd\"><td class=\"data-rank\" data-label=\"#\">3<\/td><td class=\"data-name\" data-label=\"Hr\u00e1\u010d\">Michal Maty\u00e1\u0161<\/td><td class=\"data-team\" data-label=\"T\u00fdm\"><a href=\"https:\/\/www.alstkrnov.cz\/?sp_team=kos-krnov\">KOS Krnov<\/a><\/td><td class=\"data-playedstats\" data-label=\"Z\u00e1pasy\">24<\/td><td class=\"data-winstats\" data-label=\"V\u00edt\u011bzstv\u00ed\">22<\/td><td class=\"data-lossstats\" data-label=\"Prohry\">2<\/td><td class=\"data-spnost\" data-label=\"\u00dasp\u011b\u0161nost\">91.67<\/td><\/tr><tr class=\"even\"><td class=\"data-rank\" data-label=\"#\">4<\/td><td class=\"data-name\" data-label=\"Hr\u00e1\u010d\">Richard \u0160imek<\/td><td class=\"data-team\" data-label=\"T\u00fdm\"><a href=\"https:\/\/www.alstkrnov.cz\/?sp_team=profipage\">ProfiPage<\/a><\/td><td class=\"data-playedstats\" data-label=\"Z\u00e1pasy\">32<\/td><td class=\"data-winstats\" data-label=\"V\u00edt\u011bzstv\u00ed\">25<\/td><td class=\"data-lossstats\" data-label=\"Prohry\">7<\/td><td class=\"data-spnost\" data-label=\"\u00dasp\u011b\u0161nost\">78.13<\/td><\/tr><tr class=\"odd\"><td class=\"data-rank\" data-label=\"#\">5<\/td><td class=\"data-name\" data-label=\"Hr\u00e1\u010d\">David \u0160krla<\/td><td class=\"data-team\" data-label=\"T\u00fdm\"><a href=\"https:\/\/www.alstkrnov.cz\/?sp_team=mediano\">Mediano<\/a><\/td><td class=\"data-playedstats\" data-label=\"Z\u00e1pasy\">30<\/td><td class=\"data-winstats\" data-label=\"V\u00edt\u011bzstv\u00ed\">21<\/td><td class=\"data-lossstats\" data-label=\"Prohry\">9<\/td><td class=\"data-spnost\" data-label=\"\u00dasp\u011b\u0161nost\">70.00<\/td><\/tr><tr class=\"even\"><td class=\"data-rank\" data-label=\"#\">6<\/td><td class=\"data-name\" data-label=\"Hr\u00e1\u010d\">Ji\u0159\u00ed Bro\u017eovi\u010d<\/td><td class=\"data-team\" data-label=\"T\u00fdm\"><a href=\"https:\/\/www.alstkrnov.cz\/?sp_team=minimax\">Minimax<\/a><\/td><td class=\"data-playedstats\" data-label=\"Z\u00e1pasy\">35<\/td><td class=\"data-winstats\" data-label=\"V\u00edt\u011bzstv\u00ed\">22<\/td><td class=\"data-lossstats\" data-label=\"Prohry\">13<\/td><td class=\"data-spnost\" data-label=\"\u00dasp\u011b\u0161nost\">62.86<\/td><\/tr><tr class=\"odd\"><td class=\"data-rank\" data-label=\"#\">7<\/td><td class=\"data-name\" data-label=\"Hr\u00e1\u010d\">Zden\u011bk Pavl\u00edk<\/td><td class=\"data-team\" data-label=\"T\u00fdm\"><a href=\"https:\/\/www.alstkrnov.cz\/?sp_team=minimax\">Minimax<\/a><\/td><td class=\"data-playedstats\" data-label=\"Z\u00e1pasy\">32<\/td><td class=\"data-winstats\" data-label=\"V\u00edt\u011bzstv\u00ed\">20<\/td><td class=\"data-lossstats\" data-label=\"Prohry\">12<\/td><td class=\"data-spnost\" data-label=\"\u00dasp\u011b\u0161nost\">62.50<\/td><\/tr><tr class=\"even\"><td class=\"data-rank\" data-label=\"#\">8<\/td><td class=\"data-name\" data-label=\"Hr\u00e1\u010d\">Luk\u00e1\u0161 K\u0159iva<\/td><td class=\"data-team\" data-label=\"T\u00fdm\"><a href=\"https:\/\/www.alstkrnov.cz\/?sp_team=jelita\">jElita<\/a><\/td><td class=\"data-playedstats\" data-label=\"Z\u00e1pasy\">24<\/td><td class=\"data-winstats\" data-label=\"V\u00edt\u011bzstv\u00ed\">15<\/td><td class=\"data-lossstats\" data-label=\"Prohry\">9<\/td><td class=\"data-spnost\" data-label=\"\u00dasp\u011b\u0161nost\">62.50<\/td><\/tr><tr class=\"odd\"><td class=\"data-rank\" data-label=\"#\">9<\/td><td class=\"data-name\" data-label=\"Hr\u00e1\u010d\">Eduard Jur\u010d\u00edk<\/td><td class=\"data-team\" data-label=\"T\u00fdm\"><a href=\"https:\/\/www.alstkrnov.cz\/?sp_team=kos-krnov\">KOS Krnov<\/a><\/td><td class=\"data-playedstats\" data-label=\"Z\u00e1pasy\">21<\/td><td class=\"data-winstats\" data-label=\"V\u00edt\u011bzstv\u00ed\">10<\/td><td class=\"data-lossstats\" data-label=\"Prohry\">11<\/td><td class=\"data-spnost\" data-label=\"\u00dasp\u011b\u0161nost\">47.62<\/td><\/tr><tr class=\"even\"><td class=\"data-rank\" data-label=\"#\">10<\/td><td class=\"data-name\" data-label=\"Hr\u00e1\u010d\">Martin \u0160obr<\/td><td class=\"data-team\" data-label=\"T\u00fdm\"><a href=\"https:\/\/www.alstkrnov.cz\/?sp_team=profipage\">ProfiPage<\/a><\/td><td class=\"data-playedstats\" data-label=\"Z\u00e1pasy\">21<\/td><td class=\"data-winstats\" data-label=\"V\u00edt\u011bzstv\u00ed\">10<\/td><td class=\"data-lossstats\" data-label=\"Prohry\">11<\/td><td class=\"data-spnost\" data-label=\"\u00dasp\u011b\u0161nost\">47.62<\/td><\/tr><tr class=\"odd\"><td class=\"data-rank\" data-label=\"#\">11<\/td><td class=\"data-name\" data-label=\"Hr\u00e1\u010d\">Petr Van\u011bk<\/td><td class=\"data-team\" data-label=\"T\u00fdm\"><a href=\"https:\/\/www.alstkrnov.cz\/?sp_team=profipage\">ProfiPage<\/a><\/td><td class=\"data-playedstats\" data-label=\"Z\u00e1pasy\">24<\/td><td class=\"data-winstats\" data-label=\"V\u00edt\u011bzstv\u00ed\">10<\/td><td class=\"data-lossstats\" data-label=\"Prohry\">14<\/td><td class=\"data-spnost\" data-label=\"\u00dasp\u011b\u0161nost\">41.67<\/td><\/tr><tr class=\"even\"><td class=\"data-rank\" data-label=\"#\">12<\/td><td class=\"data-name\" data-label=\"Hr\u00e1\u010d\">Vladislav \u0160\u00e1\u0161ek<\/td><td class=\"data-team\" data-label=\"T\u00fdm\"><a href=\"https:\/\/www.alstkrnov.cz\/?sp_team=mediano\">Mediano<\/a><\/td><td class=\"data-playedstats\" data-label=\"Z\u00e1pasy\">27<\/td><td class=\"data-winstats\" data-label=\"V\u00edt\u011bzstv\u00ed\">11<\/td><td class=\"data-lossstats\" data-label=\"Prohry\">16<\/td><td class=\"data-spnost\" data-label=\"\u00dasp\u011b\u0161nost\">40.74<\/td><\/tr><tr class=\"odd\"><td class=\"data-rank\" data-label=\"#\">13<\/td><td class=\"data-name\" data-label=\"Hr\u00e1\u010d\">Ji\u0159\u00ed Novotn\u00fd<\/td><td class=\"data-team\" data-label=\"T\u00fdm\"><a href=\"https:\/\/www.alstkrnov.cz\/?sp_team=mediano\">Mediano<\/a><\/td><td class=\"data-playedstats\" data-label=\"Z\u00e1pasy\">22<\/td><td class=\"data-winstats\" data-label=\"V\u00edt\u011bzstv\u00ed\">5<\/td><td class=\"data-lossstats\" data-label=\"Prohry\">17<\/td><td class=\"data-spnost\" data-label=\"\u00dasp\u011b\u0161nost\">22.73<\/td><\/tr><tr class=\"even\"><td class=\"data-rank\" data-label=\"#\">14<\/td><td class=\"data-name\" data-label=\"Hr\u00e1\u010d\">Ji\u0159\u00ed Gadas<\/td><td class=\"data-team\" data-label=\"T\u00fdm\"><a href=\"https:\/\/www.alstkrnov.cz\/?sp_team=mediano\">Mediano<\/a><\/td><td class=\"data-playedstats\" data-label=\"Z\u00e1pasy\">20<\/td><td class=\"data-winstats\" data-label=\"V\u00edt\u011bzstv\u00ed\">4<\/td><td class=\"data-lossstats\" data-label=\"Prohry\">16<\/td><td class=\"data-spnost\" data-label=\"\u00dasp\u011b\u0161nost\">20.00<\/td><\/tr><tr class=\"odd\"><td class=\"data-rank\" data-label=\"#\">15<\/td><td class=\"data-name\" data-label=\"Hr\u00e1\u010d\">B\u0159etislav Grulich<\/td><td class=\"data-team\" data-label=\"T\u00fdm\"><a href=\"https:\/\/www.alstkrnov.cz\/?sp_team=pgp\">PGP<\/a><\/td><td class=\"data-playedstats\" data-label=\"Z\u00e1pasy\">29<\/td><td class=\"data-winstats\" data-label=\"V\u00edt\u011bzstv\u00ed\">2<\/td><td class=\"data-lossstats\" data-label=\"Prohry\">27<\/td><td class=\"data-spnost\" data-label=\"\u00dasp\u011b\u0161nost\">6.90<\/td><\/tr><tr class=\"even\"><td class=\"data-rank\" data-label=\"#\">16<\/td><td class=\"data-name\" data-label=\"Hr\u00e1\u010d\">Pavel Pol\u00e1\u0161ek<\/td><td class=\"data-team\" data-label=\"T\u00fdm\"><a href=\"https:\/\/www.alstkrnov.cz\/?sp_team=pgp\">PGP<\/a><\/td><td class=\"data-playedstats\" data-label=\"Z\u00e1pasy\">29<\/td><td class=\"data-winstats\" data-label=\"V\u00edt\u011bzstv\u00ed\">1<\/td><td class=\"data-lossstats\" data-label=\"Prohry\">28<\/td><td class=\"data-spnost\" data-label=\"\u00dasp\u011b\u0161nost\">3.45<\/td><\/tr><tr class=\"odd\"><td class=\"data-rank\" data-label=\"#\">17<\/td><td class=\"data-name\" data-label=\"Hr\u00e1\u010d\">Luk\u00e1\u0161 P\u0159asli\u010d\u00e1k<\/td><td class=\"data-team\" data-label=\"T\u00fdm\"><a href=\"https:\/\/www.alstkrnov.cz\/?sp_team=pgp\">PGP<\/a><\/td><td class=\"data-playedstats\" data-label=\"Z\u00e1pasy\">29<\/td><td class=\"data-winstats\" data-label=\"V\u00edt\u011bzstv\u00ed\">0<\/td><td class=\"data-lossstats\" data-label=\"Prohry\">29<\/td><td class=\"data-spnost\" data-label=\"\u00dasp\u011b\u0161nost\">0.00<\/td><\/tr><\/tbody><\/table><\/div><\/div><\/div>\n<p><strong>Hr\u00e1\u010di s m\u00e9n\u011b ne\u017e 50% odehran\u00fdch utk\u00e1n\u00ed<\/strong><\/p>\n<div class=\"sportspress\"><div class=\"sp-template sp-template-player-list\"><div class=\"sp-table-wrapper\"><table class=\"sp-player-list sp-data-table sp-sortable-table sp-scrollable-table\" data-sp-rows=\"10\"><thead><tr><th class=\"data-rank\">Po\u0159ad\u00ed<\/th><th class=\"data-name\">Hr\u00e1\u010d<\/th><th class=\"data-team\">T\u00fdm<\/th><th class=\"data-playedstats\">Z\u00e1pasy<\/th><th class=\"data-winstats\">V\u00edt\u011bzstv\u00ed<\/th><th class=\"data-lossstats\">Prohry<\/th><th class=\"data-spnost\">\u00dasp\u011b\u0161nost<\/th><\/tr><\/thead><tbody><tr class=\"odd\"><td class=\"data-rank\" data-label=\"#\">1<\/td><td class=\"data-name\" data-label=\"Hr\u00e1\u010d\">Ren\u00e9 Jirou\u0161ek<\/td><td class=\"data-team\" data-label=\"T\u00fdm\"><a href=\"https:\/\/www.alstkrnov.cz\/?sp_team=profipage\">ProfiPage<\/a><\/td><td class=\"data-playedstats\" data-label=\"Z\u00e1pasy\">3<\/td><td class=\"data-winstats\" data-label=\"V\u00edt\u011bzstv\u00ed\">3<\/td><td class=\"data-lossstats\" data-label=\"Prohry\">0<\/td><td class=\"data-spnost\" data-label=\"\u00dasp\u011b\u0161nost\">100.00<\/td><\/tr><tr class=\"even\"><td class=\"data-rank\" data-label=\"#\">2<\/td><td class=\"data-name\" data-label=\"Hr\u00e1\u010d\">Mirek Osadn\u00edk<\/td><td class=\"data-team\" data-label=\"T\u00fdm\"><a href=\"https:\/\/www.alstkrnov.cz\/?sp_team=jelita\">jElita<\/a><\/td><td class=\"data-playedstats\" data-label=\"Z\u00e1pasy\">3<\/td><td class=\"data-winstats\" data-label=\"V\u00edt\u011bzstv\u00ed\">3<\/td><td class=\"data-lossstats\" data-label=\"Prohry\">0<\/td><td class=\"data-spnost\" data-label=\"\u00dasp\u011b\u0161nost\">100.00<\/td><\/tr><tr class=\"odd\"><td class=\"data-rank\" data-label=\"#\">3<\/td><td class=\"data-name\" data-label=\"Hr\u00e1\u010d\">Daniel Pon\u00ed\u017eil<\/td><td class=\"data-team\" data-label=\"T\u00fdm\"><a href=\"https:\/\/www.alstkrnov.cz\/?sp_team=jelita\">jElita<\/a><\/td><td class=\"data-playedstats\" data-label=\"Z\u00e1pasy\">6<\/td><td class=\"data-winstats\" data-label=\"V\u00edt\u011bzstv\u00ed\">5<\/td><td class=\"data-lossstats\" data-label=\"Prohry\">1<\/td><td class=\"data-spnost\" data-label=\"\u00dasp\u011b\u0161nost\">83.33<\/td><\/tr><tr class=\"even\"><td class=\"data-rank\" data-label=\"#\">4<\/td><td class=\"data-name\" data-label=\"Hr\u00e1\u010d\">Artur Kramarczyk<\/td><td class=\"data-team\" data-label=\"T\u00fdm\"><a href=\"https:\/\/www.alstkrnov.cz\/?sp_team=orzel-ii-branice\">Orzel II Branice<\/a><\/td><td class=\"data-playedstats\" data-label=\"Z\u00e1pasy\">17<\/td><td class=\"data-winstats\" data-label=\"V\u00edt\u011bzstv\u00ed\">14<\/td><td class=\"data-lossstats\" data-label=\"Prohry\">3<\/td><td class=\"data-spnost\" data-label=\"\u00dasp\u011b\u0161nost\">82.35<\/td><\/tr><tr class=\"odd\"><td class=\"data-rank\" data-label=\"#\">5<\/td><td class=\"data-name\" data-label=\"Hr\u00e1\u010d\">Kathryn Walo<\/td><td class=\"data-team\" data-label=\"T\u00fdm\"><a href=\"https:\/\/www.alstkrnov.cz\/?sp_team=orzel-ii-branice\">Orzel II Branice<\/a><\/td><td class=\"data-playedstats\" data-label=\"Z\u00e1pasy\">5<\/td><td class=\"data-winstats\" data-label=\"V\u00edt\u011bzstv\u00ed\">4<\/td><td class=\"data-lossstats\" data-label=\"Prohry\">1<\/td><td class=\"data-spnost\" data-label=\"\u00dasp\u011b\u0161nost\">80.00<\/td><\/tr><tr class=\"even\"><td class=\"data-rank\" data-label=\"#\">6<\/td><td class=\"data-name\" data-label=\"Hr\u00e1\u010d\">Jaroslav Posp\u00ed\u0161il<\/td><td class=\"data-team\" data-label=\"T\u00fdm\"><a href=\"https:\/\/www.alstkrnov.cz\/?sp_team=kos-krnov\">KOS Krnov<\/a><\/td><td class=\"data-playedstats\" data-label=\"Z\u00e1pasy\">7<\/td><td class=\"data-winstats\" data-label=\"V\u00edt\u011bzstv\u00ed\">5<\/td><td class=\"data-lossstats\" data-label=\"Prohry\">2<\/td><td class=\"data-spnost\" data-label=\"\u00dasp\u011b\u0161nost\">71.43<\/td><\/tr><tr class=\"odd\"><td class=\"data-rank\" data-label=\"#\">7<\/td><td class=\"data-name\" data-label=\"Hr\u00e1\u010d\">Josef Vl\u00e1dek<\/td><td class=\"data-team\" data-label=\"T\u00fdm\"><a href=\"https:\/\/www.alstkrnov.cz\/?sp_team=kos-krnov\">KOS Krnov<\/a><\/td><td class=\"data-playedstats\" data-label=\"Z\u00e1pasy\">15<\/td><td class=\"data-winstats\" data-label=\"V\u00edt\u011bzstv\u00ed\">9<\/td><td class=\"data-lossstats\" data-label=\"Prohry\">6<\/td><td class=\"data-spnost\" data-label=\"\u00dasp\u011b\u0161nost\">60.00<\/td><\/tr><tr class=\"even\"><td class=\"data-rank\" data-label=\"#\">8<\/td><td class=\"data-name\" data-label=\"Hr\u00e1\u010d\">Stanislav Chyl\u00edk<\/td><td class=\"data-team\" data-label=\"T\u00fdm\"><a href=\"https:\/\/www.alstkrnov.cz\/?sp_team=kos-krnov\">KOS Krnov<\/a><\/td><td class=\"data-playedstats\" data-label=\"Z\u00e1pasy\">17<\/td><td class=\"data-winstats\" data-label=\"V\u00edt\u011bzstv\u00ed\">9<\/td><td class=\"data-lossstats\" data-label=\"Prohry\">8<\/td><td class=\"data-spnost\" data-label=\"\u00dasp\u011b\u0161nost\">52.94<\/td><\/tr><tr class=\"odd\"><td class=\"data-rank\" data-label=\"#\">9<\/td><td class=\"data-name\" data-label=\"Hr\u00e1\u010d\">Vangelis \u010candas<\/td><td class=\"data-team\" data-label=\"T\u00fdm\"><a href=\"https:\/\/www.alstkrnov.cz\/?sp_team=kos-krnov\">KOS Krnov<\/a><\/td><td class=\"data-playedstats\" data-label=\"Z\u00e1pasy\">14<\/td><td class=\"data-winstats\" data-label=\"V\u00edt\u011bzstv\u00ed\">7<\/td><td class=\"data-lossstats\" data-label=\"Prohry\">7<\/td><td class=\"data-spnost\" data-label=\"\u00dasp\u011b\u0161nost\">50.00<\/td><\/tr><tr class=\"even\"><td class=\"data-rank\" data-label=\"#\">10<\/td><td class=\"data-name\" data-label=\"Hr\u00e1\u010d\">Lubo\u0161 Sn\u00e1\u0161el<\/td><td class=\"data-team\" data-label=\"T\u00fdm\"><a href=\"https:\/\/www.alstkrnov.cz\/?sp_team=jelita\">jElita<\/a><\/td><td class=\"data-playedstats\" data-label=\"Z\u00e1pasy\">12<\/td><td class=\"data-winstats\" data-label=\"V\u00edt\u011bzstv\u00ed\">5<\/td><td class=\"data-lossstats\" data-label=\"Prohry\">7<\/td><td class=\"data-spnost\" data-label=\"\u00dasp\u011b\u0161nost\">41.67<\/td><\/tr><tr class=\"odd\"><td class=\"data-rank\" data-label=\"#\">11<\/td><td class=\"data-name\" data-label=\"Hr\u00e1\u010d\">Michal Zlobiacki<\/td><td class=\"data-team\" data-label=\"T\u00fdm\"><a href=\"https:\/\/www.alstkrnov.cz\/?sp_team=orzel-ii-branice\">Orzel II Branice<\/a><\/td><td class=\"data-playedstats\" data-label=\"Z\u00e1pasy\">12<\/td><td class=\"data-winstats\" data-label=\"V\u00edt\u011bzstv\u00ed\">4<\/td><td class=\"data-lossstats\" data-label=\"Prohry\">8<\/td><td class=\"data-spnost\" data-label=\"\u00dasp\u011b\u0161nost\">33.33<\/td><\/tr><tr class=\"even\"><td class=\"data-rank\" data-label=\"#\">12<\/td><td class=\"data-name\" data-label=\"Hr\u00e1\u010d\">Tom\u00e1\u0161 Zoubek<\/td><td class=\"data-team\" data-label=\"T\u00fdm\"><a href=\"https:\/\/www.alstkrnov.cz\/?sp_team=jelita\">jElita<\/a><\/td><td class=\"data-playedstats\" data-label=\"Z\u00e1pasy\">3<\/td><td class=\"data-winstats\" data-label=\"V\u00edt\u011bzstv\u00ed\">1<\/td><td class=\"data-lossstats\" data-label=\"Prohry\">2<\/td><td class=\"data-spnost\" data-label=\"\u00dasp\u011b\u0161nost\">33.33<\/td><\/tr><tr class=\"odd\"><td class=\"data-rank\" data-label=\"#\">13<\/td><td class=\"data-name\" data-label=\"Hr\u00e1\u010d\">Rostislav Carbol<\/td><td class=\"data-team\" data-label=\"T\u00fdm\"><a href=\"https:\/\/www.alstkrnov.cz\/?sp_team=profipage\">ProfiPage<\/a><\/td><td class=\"data-playedstats\" data-label=\"Z\u00e1pasy\">15<\/td><td class=\"data-winstats\" data-label=\"V\u00edt\u011bzstv\u00ed\">5<\/td><td class=\"data-lossstats\" data-label=\"Prohry\">10<\/td><td class=\"data-spnost\" data-label=\"\u00dasp\u011b\u0161nost\">33.33<\/td><\/tr><tr class=\"even\"><td class=\"data-rank\" data-label=\"#\">14<\/td><td class=\"data-name\" data-label=\"Hr\u00e1\u010d\">Iveta Da\u0159\u00ed\u010dkov\u00e1<\/td><td class=\"data-team\" data-label=\"T\u00fdm\"><a href=\"https:\/\/www.alstkrnov.cz\/?sp_team=jelita\">jElita<\/a><\/td><td class=\"data-playedstats\" data-label=\"Z\u00e1pasy\">14<\/td><td class=\"data-winstats\" data-label=\"V\u00edt\u011bzstv\u00ed\">4<\/td><td class=\"data-lossstats\" data-label=\"Prohry\">10<\/td><td class=\"data-spnost\" data-label=\"\u00dasp\u011b\u0161nost\">28.57<\/td><\/tr><tr class=\"odd\"><td class=\"data-rank\" data-label=\"#\">15<\/td><td class=\"data-name\" data-label=\"Hr\u00e1\u010d\">Marian Kawecki<\/td><td class=\"data-team\" data-label=\"T\u00fdm\"><a href=\"https:\/\/www.alstkrnov.cz\/?sp_team=orzel-ii-branice\">Orzel II Branice<\/a><\/td><td class=\"data-playedstats\" data-label=\"Z\u00e1pasy\">15<\/td><td class=\"data-winstats\" data-label=\"V\u00edt\u011bzstv\u00ed\">4<\/td><td class=\"data-lossstats\" data-label=\"Prohry\">11<\/td><td class=\"data-spnost\" data-label=\"\u00dasp\u011b\u0161nost\">26.67<\/td><\/tr><tr class=\"even\"><td class=\"data-rank\" data-label=\"#\">16<\/td><td class=\"data-name\" data-label=\"Hr\u00e1\u010d\">Przemyslav Kawecki<\/td><td class=\"data-team\" data-label=\"T\u00fdm\"><a href=\"https:\/\/www.alstkrnov.cz\/?sp_team=orzel-ii-branice\">Orzel II Branice<\/a><\/td><td class=\"data-playedstats\" data-label=\"Z\u00e1pasy\">9<\/td><td class=\"data-winstats\" data-label=\"V\u00edt\u011bzstv\u00ed\">2<\/td><td class=\"data-lossstats\" data-label=\"Prohry\">7<\/td><td class=\"data-spnost\" data-label=\"\u00dasp\u011b\u0161nost\">22.22<\/td><\/tr><tr class=\"odd\"><td class=\"data-rank\" data-label=\"#\">17<\/td><td class=\"data-name\" data-label=\"Hr\u00e1\u010d\">Zden\u011bk Kubi\u010d\u00edk<\/td><td class=\"data-team\" data-label=\"T\u00fdm\"><a href=\"https:\/\/www.alstkrnov.cz\/?sp_team=minimax\">Minimax<\/a><\/td><td class=\"data-playedstats\" data-label=\"Z\u00e1pasy\">4<\/td><td class=\"data-winstats\" data-label=\"V\u00edt\u011bzstv\u00ed\">0<\/td><td class=\"data-lossstats\" data-label=\"Prohry\">4<\/td><td class=\"data-spnost\" data-label=\"\u00dasp\u011b\u0161nost\">0.00<\/td><\/tr><tr class=\"even\"><td class=\"data-rank\" data-label=\"#\">18<\/td><td class=\"data-name\" data-label=\"Hr\u00e1\u010d\">David K\u0159iva<\/td><td class=\"data-team\" data-label=\"T\u00fdm\"><a href=\"https:\/\/www.alstkrnov.cz\/?sp_team=jelita\">jElita<\/a><\/td><td class=\"data-playedstats\" data-label=\"Z\u00e1pasy\">3<\/td><td class=\"data-winstats\" data-label=\"V\u00edt\u011bzstv\u00ed\">0<\/td><td class=\"data-lossstats\" data-label=\"Prohry\">3<\/td><td class=\"data-spnost\" data-label=\"\u00dasp\u011b\u0161nost\">0.00<\/td><\/tr><\/tbody><\/table><\/div><\/div><\/div>\n<div class=\"printfriendly pf-alignright\"><a href=\"https:\/\/www.alstkrnov.cz\/?page_id=440&amp;pfstyle=wp\" rel=\"nofollow\"  title=\"Printer Friendly, PDF & Email\"><img style=\"border:none;-webkit-box-shadow:none; -moz-box-shadow: none; box-shadow:none; padding:0; margin:0\" src=\"https:\/\/cdn.printfriendly.com\/buttons\/printfriendly-pdf-button-nobg.png\" alt=\"Print Friendly, PDF & Email\" \/><\/a><\/div>\n<\/div>","protected":false},"excerpt":{"rendered":"<p>Hr\u00e1\u010di s 50% a v\u00edce odehran\u00fdch utk\u00e1n\u00ed Hr\u00e1\u010di s m\u00e9n\u011b ne\u017e 50% odehran\u00fdch utk\u00e1n\u00ed<\/p>\n","protected":false},"author":1,"featured_media":0,"parent":496,"menu_order":0,"comment_status":"open","ping_status":"open","template":"","meta":[],"_links":{"self":[{"href":"https:\/\/www.alstkrnov.cz\/index.php?rest_route=\/wp\/v2\/pages\/440"}],"collection":[{"href":"https:\/\/www.alstkrnov.cz\/index.php?rest_route=\/wp\/v2\/pages"}],"about":[{"href":"https:\/\/www.alstkrnov.cz\/index.php?rest_route=\/wp\/v2\/types\/page"}],"author":[{"embeddable":true,"href":"https:\/\/www.alstkrnov.cz\/index.php?rest_route=\/wp\/v2\/users\/1"}],"replies":[{"embeddable":true,"href":"https:\/\/www.alstkrnov.cz\/index.php?rest_route=%2Fwp%2Fv2%2Fcomments&post=440"}],"version-history":[{"count":9,"href":"https:\/\/www.alstkrnov.cz\/index.php?rest_route=\/wp\/v2\/pages\/440\/revisions"}],"predecessor-version":[{"id":452,"href":"https:\/\/www.alstkrnov.cz\/index.php?rest_route=\/wp\/v2\/pages\/440\/revisions\/452"}],"up":[{"embeddable":true,"href":"https:\/\/www.alstkrnov.cz\/index.php?rest_route=\/wp\/v2\/pages\/496"}],"wp:attachment":[{"href":"https:\/\/www.alstkrnov.cz\/index.php?rest_route=%2Fwp%2Fv2%2Fmedia&parent=440"}],"curies":[{"name":"wp","href":"https:\/\/api.w.org\/{rel}","templated":true}]}}