


{"id":496,"date":"2016-03-01T13:57:46","date_gmt":"2016-03-01T12:57:46","guid":{"rendered":"http:\/\/www.alstkrnov.cz\/?page_id=496"},"modified":"2016-03-01T14:11:01","modified_gmt":"2016-03-01T13:11:01","slug":"vysledky-starsich-rocniku","status":"publish","type":"page","link":"https:\/\/www.alstkrnov.cz\/?page_id=496","title":{"rendered":"Archiv star\u0161\u00edch ro\u010dn\u00edk\u016f"},"content":{"rendered":"","protected":false},"excerpt":{"rendered":"","protected":false},"author":1,"featured_media":0,"parent":0,"menu_order":0,"comment_status":"closed","ping_status":"closed","template":"","meta":[],"_links":{"self":[{"href":"https:\/\/www.alstkrnov.cz\/index.php?rest_route=\/wp\/v2\/pages\/496"}],"collection":[{"href":"https:\/\/www.alstkrnov.cz\/index.php?rest_route=\/wp\/v2\/pages"}],"about":[{"href":"https:\/\/www.alstkrnov.cz\/index.php?rest_route=\/wp\/v2\/types\/page"}],"author":[{"embeddable":true,"href":"https:\/\/www.alstkrnov.cz\/index.php?rest_route=\/wp\/v2\/users\/1"}],"replies":[{"embeddable":true,"href":"https:\/\/www.alstkrnov.cz\/index.php?rest_route=%2Fwp%2Fv2%2Fcomments&post=496"}],"version-history":[{"count":2,"href":"https:\/\/www.alstkrnov.cz\/index.php?rest_route=\/wp\/v2\/pages\/496\/revisions"}],"predecessor-version":[{"id":507,"href":"https:\/\/www.alstkrnov.cz\/index.php?rest_route=\/wp\/v2\/pages\/496\/revisions\/507"}],"wp:attachment":[{"href":"https:\/\/www.alstkrnov.cz\/index.php?rest_route=%2Fwp%2Fv2%2Fmedia&parent=496"}],"curies":[{"name":"wp","href":"https:\/\/api.w.org\/{rel}","templated":true}]}}