


{"id":508,"date":"2016-03-01T14:11:33","date_gmt":"2016-03-01T13:11:33","guid":{"rendered":"http:\/\/www.alstkrnov.cz\/?page_id=508"},"modified":"2017-03-10T17:54:36","modified_gmt":"2017-03-10T16:54:36","slug":"uspesnost-jednotlivcu-2016","status":"publish","type":"page","link":"https:\/\/www.alstkrnov.cz\/?page_id=508","title":{"rendered":"\u00dasp\u011b\u0161nost jednotlivc\u016f 2016"},"content":{"rendered":"<div class=\"pf-content\"><p><strong>Hr\u00e1\u010di s 50% a v\u00edce odehran\u00fdch utk\u00e1n\u00ed<\/strong><\/p>\n<div class=\"sportspress\"><div class=\"sp-template sp-template-player-list\"><div class=\"sp-table-wrapper\"><table class=\"sp-player-list sp-data-table sp-sortable-table sp-scrollable-table\" data-sp-rows=\"10\"><thead><tr><th class=\"data-rank\">Po\u0159ad\u00ed<\/th><th class=\"data-name\">Hr\u00e1\u010d<\/th><th class=\"data-team\">T\u00fdm<\/th><th class=\"data-playedstats\">Z\u00e1pasy<\/th><th class=\"data-winstats\">V\u00edt\u011bzstv\u00ed<\/th><th class=\"data-lossstats\">Prohry<\/th><th class=\"data-spnost\">\u00dasp\u011b\u0161nost<\/th><\/tr><\/thead><tbody><tr class=\"odd\"><td class=\"data-rank\" data-label=\"#\">1<\/td><td class=\"data-name\" data-label=\"Hr\u00e1\u010d\">V\u00edt\u011bzslav Kadlec<\/td><td class=\"data-team\" data-label=\"T\u00fdm\"><a href=\"https:\/\/www.alstkrnov.cz\/?post_type=page&p=508\">-<\/a><\/td><td class=\"data-playedstats\" data-label=\"Z\u00e1pasy\">44<\/td><td class=\"data-winstats\" data-label=\"V\u00edt\u011bzstv\u00ed\">44<\/td><td class=\"data-lossstats\" data-label=\"Prohry\">0<\/td><td class=\"data-spnost\" data-label=\"\u00dasp\u011b\u0161nost\">100.00<\/td><\/tr><tr class=\"even\"><td class=\"data-rank\" data-label=\"#\">2<\/td><td class=\"data-name\" data-label=\"Hr\u00e1\u010d\">Daniel Pon\u00ed\u017eil<\/td><td class=\"data-team\" data-label=\"T\u00fdm\"><a href=\"https:\/\/www.alstkrnov.cz\/?sp_team=minimax\">Minimax<\/a><\/td><td class=\"data-playedstats\" data-label=\"Z\u00e1pasy\">41<\/td><td class=\"data-winstats\" data-label=\"V\u00edt\u011bzstv\u00ed\">35<\/td><td class=\"data-lossstats\" data-label=\"Prohry\">6<\/td><td class=\"data-spnost\" data-label=\"\u00dasp\u011b\u0161nost\">85.37<\/td><\/tr><tr class=\"odd\"><td class=\"data-rank\" data-label=\"#\">3<\/td><td class=\"data-name\" data-label=\"Hr\u00e1\u010d\">Richard \u0160imek<\/td><td class=\"data-team\" data-label=\"T\u00fdm\"><a href=\"https:\/\/www.alstkrnov.cz\/?post_type=page&p=508\">-<\/a><\/td><td class=\"data-playedstats\" data-label=\"Z\u00e1pasy\">41<\/td><td class=\"data-winstats\" data-label=\"V\u00edt\u011bzstv\u00ed\">35<\/td><td class=\"data-lossstats\" data-label=\"Prohry\">6<\/td><td class=\"data-spnost\" data-label=\"\u00dasp\u011b\u0161nost\">85.37<\/td><\/tr><tr class=\"even\"><td class=\"data-rank\" data-label=\"#\">4<\/td><td class=\"data-name\" data-label=\"Hr\u00e1\u010d\">Alexandr Szeliga<\/td><td class=\"data-team\" data-label=\"T\u00fdm\"><a href=\"https:\/\/www.alstkrnov.cz\/?sp_team=orzel-ii-branice\">Orzel II Branice<\/a><\/td><td class=\"data-playedstats\" data-label=\"Z\u00e1pasy\">45<\/td><td class=\"data-winstats\" data-label=\"V\u00edt\u011bzstv\u00ed\">38<\/td><td class=\"data-lossstats\" data-label=\"Prohry\">7<\/td><td class=\"data-spnost\" data-label=\"\u00dasp\u011b\u0161nost\">84.44<\/td><\/tr><tr class=\"odd\"><td class=\"data-rank\" data-label=\"#\">5<\/td><td class=\"data-name\" data-label=\"Hr\u00e1\u010d\">Kathryn Walo<\/td><td class=\"data-team\" data-label=\"T\u00fdm\"><a href=\"https:\/\/www.alstkrnov.cz\/?sp_team=orzel-ii-branice\">Orzel II Branice<\/a><\/td><td class=\"data-playedstats\" data-label=\"Z\u00e1pasy\">30<\/td><td class=\"data-winstats\" data-label=\"V\u00edt\u011bzstv\u00ed\">22<\/td><td class=\"data-lossstats\" data-label=\"Prohry\">8<\/td><td class=\"data-spnost\" data-label=\"\u00dasp\u011b\u0161nost\">73.33<\/td><\/tr><tr class=\"even\"><td class=\"data-rank\" data-label=\"#\">6<\/td><td class=\"data-name\" data-label=\"Hr\u00e1\u010d\">Ji\u0159\u00ed Bro\u017eovi\u010d<\/td><td class=\"data-team\" data-label=\"T\u00fdm\"><a href=\"https:\/\/www.alstkrnov.cz\/?sp_team=minimax\">Minimax<\/a><\/td><td class=\"data-playedstats\" data-label=\"Z\u00e1pasy\">43<\/td><td class=\"data-winstats\" data-label=\"V\u00edt\u011bzstv\u00ed\">30<\/td><td class=\"data-lossstats\" data-label=\"Prohry\">13<\/td><td class=\"data-spnost\" data-label=\"\u00dasp\u011b\u0161nost\">69.77<\/td><\/tr><tr class=\"odd\"><td class=\"data-rank\" data-label=\"#\">7<\/td><td class=\"data-name\" data-label=\"Hr\u00e1\u010d\">Petr Van\u011bk<\/td><td class=\"data-team\" data-label=\"T\u00fdm\"><a href=\"https:\/\/www.alstkrnov.cz\/?sp_team=profipage\">ProfiPage<\/a><\/td><td class=\"data-playedstats\" data-label=\"Z\u00e1pasy\">41<\/td><td class=\"data-winstats\" data-label=\"V\u00edt\u011bzstv\u00ed\">27<\/td><td class=\"data-lossstats\" data-label=\"Prohry\">14<\/td><td class=\"data-spnost\" data-label=\"\u00dasp\u011b\u0161nost\">65.85<\/td><\/tr><tr class=\"even\"><td class=\"data-rank\" data-label=\"#\">8<\/td><td class=\"data-name\" data-label=\"Hr\u00e1\u010d\">Martin \u0160obr<\/td><td class=\"data-team\" data-label=\"T\u00fdm\"><a href=\"https:\/\/www.alstkrnov.cz\/?sp_team=profipage\">ProfiPage<\/a><\/td><td class=\"data-playedstats\" data-label=\"Z\u00e1pasy\">29<\/td><td class=\"data-winstats\" data-label=\"V\u00edt\u011bzstv\u00ed\">19<\/td><td class=\"data-lossstats\" data-label=\"Prohry\">10<\/td><td class=\"data-spnost\" data-label=\"\u00dasp\u011b\u0161nost\">65.52<\/td><\/tr><tr class=\"odd\"><td class=\"data-rank\" data-label=\"#\">9<\/td><td class=\"data-name\" data-label=\"Hr\u00e1\u010d\">David \u0160krla<\/td><td class=\"data-team\" data-label=\"T\u00fdm\"><a href=\"https:\/\/www.alstkrnov.cz\/?sp_team=mediano\">Mediano<\/a><\/td><td class=\"data-playedstats\" data-label=\"Z\u00e1pasy\">34<\/td><td class=\"data-winstats\" data-label=\"V\u00edt\u011bzstv\u00ed\">17<\/td><td class=\"data-lossstats\" data-label=\"Prohry\">17<\/td><td class=\"data-spnost\" data-label=\"\u00dasp\u011b\u0161nost\">50.00<\/td><\/tr><tr class=\"even\"><td class=\"data-rank\" data-label=\"#\">10<\/td><td class=\"data-name\" data-label=\"Hr\u00e1\u010d\">Jaroslav Posp\u00ed\u0161il<\/td><td class=\"data-team\" data-label=\"T\u00fdm\"><a href=\"https:\/\/www.alstkrnov.cz\/?post_type=page&p=508\">-<\/a><\/td><td class=\"data-playedstats\" data-label=\"Z\u00e1pasy\">35<\/td><td class=\"data-winstats\" data-label=\"V\u00edt\u011bzstv\u00ed\">16<\/td><td class=\"data-lossstats\" data-label=\"Prohry\">19<\/td><td class=\"data-spnost\" data-label=\"\u00dasp\u011b\u0161nost\">45.71<\/td><\/tr><tr class=\"odd\"><td class=\"data-rank\" data-label=\"#\">11<\/td><td class=\"data-name\" data-label=\"Hr\u00e1\u010d\">Vangelis \u010candas<\/td><td class=\"data-team\" data-label=\"T\u00fdm\"><a href=\"https:\/\/www.alstkrnov.cz\/?post_type=page&p=508\">-<\/a><\/td><td class=\"data-playedstats\" data-label=\"Z\u00e1pasy\">40<\/td><td class=\"data-winstats\" data-label=\"V\u00edt\u011bzstv\u00ed\">14<\/td><td class=\"data-lossstats\" data-label=\"Prohry\">26<\/td><td class=\"data-spnost\" data-label=\"\u00dasp\u011b\u0161nost\">35.00<\/td><\/tr><tr class=\"even\"><td class=\"data-rank\" data-label=\"#\">12<\/td><td class=\"data-name\" data-label=\"Hr\u00e1\u010d\">Vladislav \u0160\u00e1\u0161ek<\/td><td class=\"data-team\" data-label=\"T\u00fdm\"><a href=\"https:\/\/www.alstkrnov.cz\/?post_type=page&p=508\">-<\/a><\/td><td class=\"data-playedstats\" data-label=\"Z\u00e1pasy\">41<\/td><td class=\"data-winstats\" data-label=\"V\u00edt\u011bzstv\u00ed\">13<\/td><td class=\"data-lossstats\" data-label=\"Prohry\">28<\/td><td class=\"data-spnost\" data-label=\"\u00dasp\u011b\u0161nost\">31.71<\/td><\/tr><tr class=\"odd\"><td class=\"data-rank\" data-label=\"#\">13<\/td><td class=\"data-name\" data-label=\"Hr\u00e1\u010d\">Marian Kawecki<\/td><td class=\"data-team\" data-label=\"T\u00fdm\"><a href=\"https:\/\/www.alstkrnov.cz\/?sp_team=orzel-ii-branice\">Orzel II Branice<\/a><\/td><td class=\"data-playedstats\" data-label=\"Z\u00e1pasy\">30<\/td><td class=\"data-winstats\" data-label=\"V\u00edt\u011bzstv\u00ed\">7<\/td><td class=\"data-lossstats\" data-label=\"Prohry\">23<\/td><td class=\"data-spnost\" data-label=\"\u00dasp\u011b\u0161nost\">23.33<\/td><\/tr><tr class=\"even\"><td class=\"data-rank\" data-label=\"#\">14<\/td><td class=\"data-name\" data-label=\"Hr\u00e1\u010d\">Pavel Pol\u00e1\u0161ek<\/td><td class=\"data-team\" data-label=\"T\u00fdm\"><a href=\"https:\/\/www.alstkrnov.cz\/?sp_team=skol\">SKOL<\/a><\/td><td class=\"data-playedstats\" data-label=\"Z\u00e1pasy\">45<\/td><td class=\"data-winstats\" data-label=\"V\u00edt\u011bzstv\u00ed\">3<\/td><td class=\"data-lossstats\" data-label=\"Prohry\">42<\/td><td class=\"data-spnost\" data-label=\"\u00dasp\u011b\u0161nost\">6.67<\/td><\/tr><tr class=\"odd\"><td class=\"data-rank\" data-label=\"#\">15<\/td><td class=\"data-name\" data-label=\"Hr\u00e1\u010d\">Luk\u00e1\u0161 P\u0159asli\u010d\u00e1k<\/td><td class=\"data-team\" data-label=\"T\u00fdm\"><a href=\"https:\/\/www.alstkrnov.cz\/?sp_team=skol\">SKOL<\/a><\/td><td class=\"data-playedstats\" data-label=\"Z\u00e1pasy\">42<\/td><td class=\"data-winstats\" data-label=\"V\u00edt\u011bzstv\u00ed\">1<\/td><td class=\"data-lossstats\" data-label=\"Prohry\">41<\/td><td class=\"data-spnost\" data-label=\"\u00dasp\u011b\u0161nost\">2.38<\/td><\/tr><tr class=\"even\"><td class=\"data-rank\" data-label=\"#\">16<\/td><td class=\"data-name\" data-label=\"Hr\u00e1\u010d\">B\u0159etislav Grulich<\/td><td class=\"data-team\" data-label=\"T\u00fdm\"><a href=\"https:\/\/www.alstkrnov.cz\/?sp_team=skol\">SKOL<\/a><\/td><td class=\"data-playedstats\" data-label=\"Z\u00e1pasy\">45<\/td><td class=\"data-winstats\" data-label=\"V\u00edt\u011bzstv\u00ed\">0<\/td><td class=\"data-lossstats\" data-label=\"Prohry\">45<\/td><td class=\"data-spnost\" data-label=\"\u00dasp\u011b\u0161nost\">0.00<\/td><\/tr><\/tbody><\/table><\/div><\/div><\/div>\n<p><strong>Hr\u00e1\u010di s m\u00e9n\u011b ne\u017e 50% odehran\u00fdch utk\u00e1n\u00ed<\/strong><\/p>\n<div class=\"sportspress\"><div class=\"sp-template sp-template-player-list\"><div class=\"sp-table-wrapper\"><table class=\"sp-player-list sp-data-table sp-sortable-table sp-scrollable-table\" data-sp-rows=\"10\"><thead><tr><th class=\"data-rank\">Po\u0159ad\u00ed<\/th><th class=\"data-name\">Hr\u00e1\u010d<\/th><th class=\"data-team\">T\u00fdm<\/th><th class=\"data-playedstats\">Z\u00e1pasy<\/th><th class=\"data-winstats\">V\u00edt\u011bzstv\u00ed<\/th><th class=\"data-lossstats\">Prohry<\/th><th class=\"data-spnost\">\u00dasp\u011b\u0161nost<\/th><\/tr><\/thead><tbody><tr class=\"odd\"><td class=\"data-rank\" data-label=\"#\">1<\/td><td class=\"data-name\" data-label=\"Hr\u00e1\u010d\">Ji\u0159\u00ed Gadas<\/td><td class=\"data-team\" data-label=\"T\u00fdm\"><a href=\"https:\/\/www.alstkrnov.cz\/?post_type=page&p=508\">-<\/a><\/td><td class=\"data-playedstats\" data-label=\"Z\u00e1pasy\">3<\/td><td class=\"data-winstats\" data-label=\"V\u00edt\u011bzstv\u00ed\">3<\/td><td class=\"data-lossstats\" data-label=\"Prohry\">0<\/td><td class=\"data-spnost\" data-label=\"\u00dasp\u011b\u0161nost\">100.00<\/td><\/tr><tr class=\"even\"><td class=\"data-rank\" data-label=\"#\">2<\/td><td class=\"data-name\" data-label=\"Hr\u00e1\u010d\">Michal Maty\u00e1\u0161<\/td><td class=\"data-team\" data-label=\"T\u00fdm\"><a href=\"https:\/\/www.alstkrnov.cz\/?sp_team=kos-krnov\">KOS Krnov<\/a><\/td><td class=\"data-playedstats\" data-label=\"Z\u00e1pasy\">15<\/td><td class=\"data-winstats\" data-label=\"V\u00edt\u011bzstv\u00ed\">14<\/td><td class=\"data-lossstats\" data-label=\"Prohry\">1<\/td><td class=\"data-spnost\" data-label=\"\u00dasp\u011b\u0161nost\">93.33<\/td><\/tr><tr class=\"odd\"><td class=\"data-rank\" data-label=\"#\">3<\/td><td class=\"data-name\" data-label=\"Hr\u00e1\u010d\">Zden\u011bk Pavl\u00edk<\/td><td class=\"data-team\" data-label=\"T\u00fdm\"><a href=\"https:\/\/www.alstkrnov.cz\/?post_type=page&p=508\">-<\/a><\/td><td class=\"data-playedstats\" data-label=\"Z\u00e1pasy\">4<\/td><td class=\"data-winstats\" data-label=\"V\u00edt\u011bzstv\u00ed\">3<\/td><td class=\"data-lossstats\" data-label=\"Prohry\">1<\/td><td class=\"data-spnost\" data-label=\"\u00dasp\u011b\u0161nost\">75.00<\/td><\/tr><tr class=\"even\"><td class=\"data-rank\" data-label=\"#\">4<\/td><td class=\"data-name\" data-label=\"Hr\u00e1\u010d\">Ren\u00e9 Jirou\u0161ek<\/td><td class=\"data-team\" data-label=\"T\u00fdm\"><a href=\"https:\/\/www.alstkrnov.cz\/?sp_team=profipage\">ProfiPage<\/a><\/td><td class=\"data-playedstats\" data-label=\"Z\u00e1pasy\">6<\/td><td class=\"data-winstats\" data-label=\"V\u00edt\u011bzstv\u00ed\">4<\/td><td class=\"data-lossstats\" data-label=\"Prohry\">2<\/td><td class=\"data-spnost\" data-label=\"\u00dasp\u011b\u0161nost\">66.67<\/td><\/tr><tr class=\"odd\"><td class=\"data-rank\" data-label=\"#\">5<\/td><td class=\"data-name\" data-label=\"Hr\u00e1\u010d\">Stanislav Chyl\u00edk<\/td><td class=\"data-team\" data-label=\"T\u00fdm\"><a href=\"https:\/\/www.alstkrnov.cz\/?sp_team=mediano\">Mediano<\/a><\/td><td class=\"data-playedstats\" data-label=\"Z\u00e1pasy\">18<\/td><td class=\"data-winstats\" data-label=\"V\u00edt\u011bzstv\u00ed\">9<\/td><td class=\"data-lossstats\" data-label=\"Prohry\">9<\/td><td class=\"data-spnost\" data-label=\"\u00dasp\u011b\u0161nost\">50.00<\/td><\/tr><tr class=\"even\"><td class=\"data-rank\" data-label=\"#\">6<\/td><td class=\"data-name\" data-label=\"Hr\u00e1\u010d\">Luk\u00e1\u0161 K\u0159iva<\/td><td class=\"data-team\" data-label=\"T\u00fdm\"><a href=\"https:\/\/www.alstkrnov.cz\/?sp_team=profipage\">ProfiPage<\/a><\/td><td class=\"data-playedstats\" data-label=\"Z\u00e1pasy\">17<\/td><td class=\"data-winstats\" data-label=\"V\u00edt\u011bzstv\u00ed\">8<\/td><td class=\"data-lossstats\" data-label=\"Prohry\">9<\/td><td class=\"data-spnost\" data-label=\"\u00dasp\u011b\u0161nost\">47.06<\/td><\/tr><tr class=\"odd\"><td class=\"data-rank\" data-label=\"#\">7<\/td><td class=\"data-name\" data-label=\"Hr\u00e1\u010d\">Radek Ma\u010dal\u00edk<\/td><td class=\"data-team\" data-label=\"T\u00fdm\"><a href=\"https:\/\/www.alstkrnov.cz\/?sp_team=mediano\">Mediano<\/a><\/td><td class=\"data-playedstats\" data-label=\"Z\u00e1pasy\">18<\/td><td class=\"data-winstats\" data-label=\"V\u00edt\u011bzstv\u00ed\">4<\/td><td class=\"data-lossstats\" data-label=\"Prohry\">14<\/td><td class=\"data-spnost\" data-label=\"\u00dasp\u011b\u0161nost\">22.22<\/td><\/tr><tr class=\"even\"><td class=\"data-rank\" data-label=\"#\">8<\/td><td class=\"data-name\" data-label=\"Hr\u00e1\u010d\">Ji\u0159\u00ed Novotn\u00fd<\/td><td class=\"data-team\" data-label=\"T\u00fdm\"><a href=\"https:\/\/www.alstkrnov.cz\/?sp_team=mediano\">Mediano<\/a><\/td><td class=\"data-playedstats\" data-label=\"Z\u00e1pasy\">18<\/td><td class=\"data-winstats\" data-label=\"V\u00edt\u011bzstv\u00ed\">3<\/td><td class=\"data-lossstats\" data-label=\"Prohry\">15<\/td><td class=\"data-spnost\" data-label=\"\u00dasp\u011b\u0161nost\">16.67<\/td><\/tr><tr class=\"odd\"><td class=\"data-rank\" data-label=\"#\">9<\/td><td class=\"data-name\" data-label=\"Hr\u00e1\u010d\">Rostislav Carbol<\/td><td class=\"data-team\" data-label=\"T\u00fdm\"><a href=\"https:\/\/www.alstkrnov.cz\/?sp_team=profipage\">ProfiPage<\/a><\/td><td class=\"data-playedstats\" data-label=\"Z\u00e1pasy\">16<\/td><td class=\"data-winstats\" data-label=\"V\u00edt\u011bzstv\u00ed\">2<\/td><td class=\"data-lossstats\" data-label=\"Prohry\">14<\/td><td class=\"data-spnost\" data-label=\"\u00dasp\u011b\u0161nost\">12.50<\/td><\/tr><\/tbody><\/table><\/div><\/div><\/div>\n<div class=\"printfriendly pf-alignright\"><a href=\"https:\/\/www.alstkrnov.cz\/?page_id=508&amp;pfstyle=wp\" rel=\"nofollow\"  title=\"Printer Friendly, PDF & Email\"><img style=\"border:none;-webkit-box-shadow:none; -moz-box-shadow: none; box-shadow:none; padding:0; margin:0\" src=\"https:\/\/cdn.printfriendly.com\/buttons\/printfriendly-pdf-button-nobg.png\" alt=\"Print Friendly, PDF & Email\" \/><\/a><\/div>\n<\/div>","protected":false},"excerpt":{"rendered":"<p>Hr\u00e1\u010di s 50% a v\u00edce odehran\u00fdch utk\u00e1n\u00ed Hr\u00e1\u010di s m\u00e9n\u011b ne\u017e 50% odehran\u00fdch utk\u00e1n\u00ed<\/p>\n","protected":false},"author":1,"featured_media":0,"parent":496,"menu_order":0,"comment_status":"closed","ping_status":"closed","template":"","meta":[],"_links":{"self":[{"href":"https:\/\/www.alstkrnov.cz\/index.php?rest_route=\/wp\/v2\/pages\/508"}],"collection":[{"href":"https:\/\/www.alstkrnov.cz\/index.php?rest_route=\/wp\/v2\/pages"}],"about":[{"href":"https:\/\/www.alstkrnov.cz\/index.php?rest_route=\/wp\/v2\/types\/page"}],"author":[{"embeddable":true,"href":"https:\/\/www.alstkrnov.cz\/index.php?rest_route=\/wp\/v2\/users\/1"}],"replies":[{"embeddable":true,"href":"https:\/\/www.alstkrnov.cz\/index.php?rest_route=%2Fwp%2Fv2%2Fcomments&post=508"}],"version-history":[{"count":4,"href":"https:\/\/www.alstkrnov.cz\/index.php?rest_route=\/wp\/v2\/pages\/508\/revisions"}],"predecessor-version":[{"id":608,"href":"https:\/\/www.alstkrnov.cz\/index.php?rest_route=\/wp\/v2\/pages\/508\/revisions\/608"}],"up":[{"embeddable":true,"href":"https:\/\/www.alstkrnov.cz\/index.php?rest_route=\/wp\/v2\/pages\/496"}],"wp:attachment":[{"href":"https:\/\/www.alstkrnov.cz\/index.php?rest_route=%2Fwp%2Fv2%2Fmedia&parent=508"}],"curies":[{"name":"wp","href":"https:\/\/api.w.org\/{rel}","templated":true}]}}