


{"id":745,"date":"2018-03-15T12:18:59","date_gmt":"2018-03-15T11:18:59","guid":{"rendered":"http:\/\/www.alstkrnov.cz\/?page_id=745"},"modified":"2019-02-08T18:33:00","modified_gmt":"2019-02-08T17:33:00","slug":"uspesnost-jednotlivcu-2018","status":"publish","type":"page","link":"https:\/\/www.alstkrnov.cz\/?page_id=745","title":{"rendered":"\u00dasp\u011b\u0161nost jednotlivc\u016f 2018"},"content":{"rendered":"<div class=\"pf-content\"><p><strong>Hr\u00e1\u010di s 50% a v\u00edce odehran\u00fdch utk\u00e1n\u00ed<\/strong><\/p>\n<p><span style=\"display: inline !important; float: none; background-color: transparent; color: #333333; cursor: text; font-family: 'Roboto Condensed',Arial,sans-serif; font-size: 16px; font-style: normal; font-variant: normal; font-weight: 400; letter-spacing: normal; orphans: 2; text-align: left; text-decoration: none; text-indent: 0px; text-transform: none; -webkit-text-stroke-width: 0px; white-space: normal; word-spacing: 0px;\"><div class=\"sportspress\"><div class=\"sp-template sp-template-player-list\"><div class=\"sp-table-wrapper\"><table class=\"sp-player-list sp-data-table sp-sortable-table sp-scrollable-table\" data-sp-rows=\"10\"><thead><tr><th class=\"data-name\">Hr\u00e1\u010d<\/th><th class=\"data-playedstats\">Z\u00e1pasy<\/th><th class=\"data-winstats\">V\u00edt\u011bzstv\u00ed<\/th><th class=\"data-lossstats\">Prohry<\/th><th class=\"data-spnost\">\u00dasp\u011b\u0161nost<\/th><\/tr><\/thead><tbody><tr class=\"odd\"><td class=\"data-name\" data-label=\"Hr\u00e1\u010d\">V\u00edt\u011bzslav Kadlec<\/td><td class=\"data-playedstats\" data-label=\"Z\u00e1pasy\">54<\/td><td class=\"data-winstats\" data-label=\"V\u00edt\u011bzstv\u00ed\">54<\/td><td class=\"data-lossstats\" data-label=\"Prohry\">0<\/td><td class=\"data-spnost\" data-label=\"\u00dasp\u011b\u0161nost\">100.00<\/td><\/tr><tr class=\"even\"><td class=\"data-name\" data-label=\"Hr\u00e1\u010d\">Alexandr Szeliga<\/td><td class=\"data-playedstats\" data-label=\"Z\u00e1pasy\">46<\/td><td class=\"data-winstats\" data-label=\"V\u00edt\u011bzstv\u00ed\">41<\/td><td class=\"data-lossstats\" data-label=\"Prohry\">5<\/td><td class=\"data-spnost\" data-label=\"\u00dasp\u011b\u0161nost\">89.13<\/td><\/tr><tr class=\"odd\"><td class=\"data-name\" data-label=\"Hr\u00e1\u010d\">Daniel Pon\u00ed\u017eil<\/td><td class=\"data-playedstats\" data-label=\"Z\u00e1pasy\">33<\/td><td class=\"data-winstats\" data-label=\"V\u00edt\u011bzstv\u00ed\">29<\/td><td class=\"data-lossstats\" data-label=\"Prohry\">4<\/td><td class=\"data-spnost\" data-label=\"\u00dasp\u011b\u0161nost\">87.88<\/td><\/tr><tr class=\"even\"><td class=\"data-name\" data-label=\"Hr\u00e1\u010d\">Richard \u0160imek<\/td><td class=\"data-playedstats\" data-label=\"Z\u00e1pasy\">41<\/td><td class=\"data-winstats\" data-label=\"V\u00edt\u011bzstv\u00ed\">35<\/td><td class=\"data-lossstats\" data-label=\"Prohry\">6<\/td><td class=\"data-spnost\" data-label=\"\u00dasp\u011b\u0161nost\">85.37<\/td><\/tr><tr class=\"odd\"><td class=\"data-name\" data-label=\"Hr\u00e1\u010d\">David \u0160krla<\/td><td class=\"data-playedstats\" data-label=\"Z\u00e1pasy\">52<\/td><td class=\"data-winstats\" data-label=\"V\u00edt\u011bzstv\u00ed\">40<\/td><td class=\"data-lossstats\" data-label=\"Prohry\">12<\/td><td class=\"data-spnost\" data-label=\"\u00dasp\u011b\u0161nost\">76.92<\/td><\/tr><tr class=\"even\"><td class=\"data-name\" data-label=\"Hr\u00e1\u010d\">Martin \u0160obr<\/td><td class=\"data-playedstats\" data-label=\"Z\u00e1pasy\">30<\/td><td class=\"data-winstats\" data-label=\"V\u00edt\u011bzstv\u00ed\">21<\/td><td class=\"data-lossstats\" data-label=\"Prohry\">9<\/td><td class=\"data-spnost\" data-label=\"\u00dasp\u011b\u0161nost\">70.00<\/td><\/tr><tr class=\"odd\"><td class=\"data-name\" data-label=\"Hr\u00e1\u010d\">Ji\u0159\u00ed Bro\u017eovi\u010d<\/td><td class=\"data-playedstats\" data-label=\"Z\u00e1pasy\">42<\/td><td class=\"data-winstats\" data-label=\"V\u00edt\u011bzstv\u00ed\">28<\/td><td class=\"data-lossstats\" data-label=\"Prohry\">14<\/td><td class=\"data-spnost\" data-label=\"\u00dasp\u011b\u0161nost\">66.67<\/td><\/tr><tr class=\"even\"><td class=\"data-name\" data-label=\"Hr\u00e1\u010d\">Jarom\u00edr Mat\u00fdsek<\/td><td class=\"data-playedstats\" data-label=\"Z\u00e1pasy\">40<\/td><td class=\"data-winstats\" data-label=\"V\u00edt\u011bzstv\u00ed\">26<\/td><td class=\"data-lossstats\" data-label=\"Prohry\">14<\/td><td class=\"data-spnost\" data-label=\"\u00dasp\u011b\u0161nost\">65.00<\/td><\/tr><tr class=\"odd\"><td class=\"data-name\" data-label=\"Hr\u00e1\u010d\">Jan Pol\u00e1\u010dek<\/td><td class=\"data-playedstats\" data-label=\"Z\u00e1pasy\">38<\/td><td class=\"data-winstats\" data-label=\"V\u00edt\u011bzstv\u00ed\">24<\/td><td class=\"data-lossstats\" data-label=\"Prohry\">14<\/td><td class=\"data-spnost\" data-label=\"\u00dasp\u011b\u0161nost\">63.16<\/td><\/tr><tr class=\"even\"><td class=\"data-name\" data-label=\"Hr\u00e1\u010d\">Vangelis \u010candas<\/td><td class=\"data-playedstats\" data-label=\"Z\u00e1pasy\">43<\/td><td class=\"data-winstats\" data-label=\"V\u00edt\u011bzstv\u00ed\">27<\/td><td class=\"data-lossstats\" data-label=\"Prohry\">16<\/td><td class=\"data-spnost\" data-label=\"\u00dasp\u011b\u0161nost\">62.79<\/td><\/tr><tr class=\"odd\"><td class=\"data-name\" data-label=\"Hr\u00e1\u010d\">Luk\u00e1\u0161 K\u0159iva<\/td><td class=\"data-playedstats\" data-label=\"Z\u00e1pasy\">27<\/td><td class=\"data-winstats\" data-label=\"V\u00edt\u011bzstv\u00ed\">16<\/td><td class=\"data-lossstats\" data-label=\"Prohry\">11<\/td><td class=\"data-spnost\" data-label=\"\u00dasp\u011b\u0161nost\">59.26<\/td><\/tr><tr class=\"even\"><td class=\"data-name\" data-label=\"Hr\u00e1\u010d\">Vladislav \u0160\u00e1\u0161ek<\/td><td class=\"data-playedstats\" data-label=\"Z\u00e1pasy\">50<\/td><td class=\"data-winstats\" data-label=\"V\u00edt\u011bzstv\u00ed\">29<\/td><td class=\"data-lossstats\" data-label=\"Prohry\">21<\/td><td class=\"data-spnost\" data-label=\"\u00dasp\u011b\u0161nost\">58.00<\/td><\/tr><tr class=\"odd\"><td class=\"data-name\" data-label=\"Hr\u00e1\u010d\">Stanislav Chyl\u00edk<\/td><td class=\"data-playedstats\" data-label=\"Z\u00e1pasy\">34<\/td><td class=\"data-winstats\" data-label=\"V\u00edt\u011bzstv\u00ed\">19<\/td><td class=\"data-lossstats\" data-label=\"Prohry\">15<\/td><td class=\"data-spnost\" data-label=\"\u00dasp\u011b\u0161nost\">55.88<\/td><\/tr><tr class=\"even\"><td class=\"data-name\" data-label=\"Hr\u00e1\u010d\">Mirek Osadn\u00edk<\/td><td class=\"data-playedstats\" data-label=\"Z\u00e1pasy\">49<\/td><td class=\"data-winstats\" data-label=\"V\u00edt\u011bzstv\u00ed\">16<\/td><td class=\"data-lossstats\" data-label=\"Prohry\">33<\/td><td class=\"data-spnost\" data-label=\"\u00dasp\u011b\u0161nost\">32.65<\/td><\/tr><tr class=\"odd\"><td class=\"data-name\" data-label=\"Hr\u00e1\u010d\">Luk\u00e1\u0161 P\u0159asli\u010d\u00e1k<\/td><td class=\"data-playedstats\" data-label=\"Z\u00e1pasy\">52<\/td><td class=\"data-winstats\" data-label=\"V\u00edt\u011bzstv\u00ed\">13<\/td><td class=\"data-lossstats\" data-label=\"Prohry\">39<\/td><td class=\"data-spnost\" data-label=\"\u00dasp\u011b\u0161nost\">25.00<\/td><\/tr><tr class=\"even\"><td class=\"data-name\" data-label=\"Hr\u00e1\u010d\">Michal Zlobiacki<\/td><td class=\"data-playedstats\" data-label=\"Z\u00e1pasy\">46<\/td><td class=\"data-winstats\" data-label=\"V\u00edt\u011bzstv\u00ed\">8<\/td><td class=\"data-lossstats\" data-label=\"Prohry\">38<\/td><td class=\"data-spnost\" data-label=\"\u00dasp\u011b\u0161nost\">17.39<\/td><\/tr><tr class=\"odd\"><td class=\"data-name\" data-label=\"Hr\u00e1\u010d\">Ros\u0165a Zips<\/td><td class=\"data-playedstats\" data-label=\"Z\u00e1pasy\">49<\/td><td class=\"data-winstats\" data-label=\"V\u00edt\u011bzstv\u00ed\">8<\/td><td class=\"data-lossstats\" data-label=\"Prohry\">41<\/td><td class=\"data-spnost\" data-label=\"\u00dasp\u011b\u0161nost\">16.33<\/td><\/tr><tr class=\"even\"><td class=\"data-name\" data-label=\"Hr\u00e1\u010d\">Pavel Pol\u00e1\u0161ek<\/td><td class=\"data-playedstats\" data-label=\"Z\u00e1pasy\">45<\/td><td class=\"data-winstats\" data-label=\"V\u00edt\u011bzstv\u00ed\">7<\/td><td class=\"data-lossstats\" data-label=\"Prohry\">38<\/td><td class=\"data-spnost\" data-label=\"\u00dasp\u011b\u0161nost\">15.56<\/td><\/tr><tr class=\"odd\"><td class=\"data-name\" data-label=\"Hr\u00e1\u010d\">B\u0159etislav Grulich<\/td><td class=\"data-playedstats\" data-label=\"Z\u00e1pasy\">49<\/td><td class=\"data-winstats\" data-label=\"V\u00edt\u011bzstv\u00ed\">5<\/td><td class=\"data-lossstats\" data-label=\"Prohry\">44<\/td><td class=\"data-spnost\" data-label=\"\u00dasp\u011b\u0161nost\">10.20<\/td><\/tr><tr class=\"even\"><td class=\"data-name\" data-label=\"Hr\u00e1\u010d\">Marian Kawecki<\/td><td class=\"data-playedstats\" data-label=\"Z\u00e1pasy\">50<\/td><td class=\"data-winstats\" data-label=\"V\u00edt\u011bzstv\u00ed\">5<\/td><td class=\"data-lossstats\" data-label=\"Prohry\">45<\/td><td class=\"data-spnost\" data-label=\"\u00dasp\u011b\u0161nost\">10.00<\/td><\/tr><\/tbody><\/table><\/div><\/div><\/div><\/span><\/p>\n<p><strong>Hr\u00e1\u010di s m\u00e9n\u011b ne\u017e 50% odehran\u00fdch utk\u00e1n\u00ed<\/strong><\/p>\n<p><span style=\"display: inline !important; float: none; background-color: transparent; color: #333333; cursor: text; font-family: 'Roboto Condensed',Arial,sans-serif; font-size: 16px; font-style: normal; font-variant: normal; font-weight: 400; letter-spacing: normal; orphans: 2; text-align: left; text-decoration: none; text-indent: 0px; text-transform: none; -webkit-text-stroke-width: 0px; white-space: normal; word-spacing: 0px;\"><div class=\"sportspress\"><div class=\"sp-template sp-template-player-list\"><div class=\"sp-table-wrapper\"><table class=\"sp-player-list sp-data-table sp-sortable-table sp-scrollable-table\" data-sp-rows=\"10\"><thead><tr><th class=\"data-name\">Hr\u00e1\u010d<\/th><th class=\"data-playedstats\">Z\u00e1pasy<\/th><th class=\"data-winstats\">V\u00edt\u011bzstv\u00ed<\/th><th class=\"data-lossstats\">Prohry<\/th><th class=\"data-spnost\">\u00dasp\u011b\u0161nost<\/th><\/tr><\/thead><tbody><tr class=\"odd\"><td class=\"data-name\" data-label=\"Hr\u00e1\u010d\">Jaroslav Vyvial<\/td><td class=\"data-playedstats\" data-label=\"Z\u00e1pasy\">3<\/td><td class=\"data-winstats\" data-label=\"V\u00edt\u011bzstv\u00ed\">3<\/td><td class=\"data-lossstats\" data-label=\"Prohry\">0<\/td><td class=\"data-spnost\" data-label=\"\u00dasp\u011b\u0161nost\">100.00<\/td><\/tr><tr class=\"even\"><td class=\"data-name\" data-label=\"Hr\u00e1\u010d\">Artur Kramarczyk<\/td><td class=\"data-playedstats\" data-label=\"Z\u00e1pasy\">7<\/td><td class=\"data-winstats\" data-label=\"V\u00edt\u011bzstv\u00ed\">7<\/td><td class=\"data-lossstats\" data-label=\"Prohry\">0<\/td><td class=\"data-spnost\" data-label=\"\u00dasp\u011b\u0161nost\">100.00<\/td><\/tr><tr class=\"odd\"><td class=\"data-name\" data-label=\"Hr\u00e1\u010d\">Ji\u0159\u00ed Holubec<\/td><td class=\"data-playedstats\" data-label=\"Z\u00e1pasy\">26<\/td><td class=\"data-winstats\" data-label=\"V\u00edt\u011bzstv\u00ed\">20<\/td><td class=\"data-lossstats\" data-label=\"Prohry\">6<\/td><td class=\"data-spnost\" data-label=\"\u00dasp\u011b\u0161nost\">76.92<\/td><\/tr><tr class=\"even\"><td class=\"data-name\" data-label=\"Hr\u00e1\u010d\">Rostislav Carbol<\/td><td class=\"data-playedstats\" data-label=\"Z\u00e1pasy\">14<\/td><td class=\"data-winstats\" data-label=\"V\u00edt\u011bzstv\u00ed\">10<\/td><td class=\"data-lossstats\" data-label=\"Prohry\">4<\/td><td class=\"data-spnost\" data-label=\"\u00dasp\u011b\u0161nost\">71.43<\/td><\/tr><tr class=\"odd\"><td class=\"data-name\" data-label=\"Hr\u00e1\u010d\">Radek Ma\u010dal\u00edk<\/td><td class=\"data-playedstats\" data-label=\"Z\u00e1pasy\">3<\/td><td class=\"data-winstats\" data-label=\"V\u00edt\u011bzstv\u00ed\">2<\/td><td class=\"data-lossstats\" data-label=\"Prohry\">1<\/td><td class=\"data-spnost\" data-label=\"\u00dasp\u011b\u0161nost\">66.67<\/td><\/tr><tr class=\"even\"><td class=\"data-name\" data-label=\"Hr\u00e1\u010d\">Ren\u00e9 Jirou\u0161ek<\/td><td class=\"data-playedstats\" data-label=\"Z\u00e1pasy\">20<\/td><td class=\"data-winstats\" data-label=\"V\u00edt\u011bzstv\u00ed\">11<\/td><td class=\"data-lossstats\" data-label=\"Prohry\">9<\/td><td class=\"data-spnost\" data-label=\"\u00dasp\u011b\u0161nost\">55.00<\/td><\/tr><tr class=\"odd\"><td class=\"data-name\" data-label=\"Hr\u00e1\u010d\">Kathryn Walo<\/td><td class=\"data-playedstats\" data-label=\"Z\u00e1pasy\">6<\/td><td class=\"data-winstats\" data-label=\"V\u00edt\u011bzstv\u00ed\">3<\/td><td class=\"data-lossstats\" data-label=\"Prohry\">3<\/td><td class=\"data-spnost\" data-label=\"\u00dasp\u011b\u0161nost\">50.00<\/td><\/tr><tr class=\"even\"><td class=\"data-name\" data-label=\"Hr\u00e1\u010d\">Jaroslav Vavera<\/td><td class=\"data-playedstats\" data-label=\"Z\u00e1pasy\">6<\/td><td class=\"data-winstats\" data-label=\"V\u00edt\u011bzstv\u00ed\">3<\/td><td class=\"data-lossstats\" data-label=\"Prohry\">3<\/td><td class=\"data-spnost\" data-label=\"\u00dasp\u011b\u0161nost\">50.00<\/td><\/tr><tr class=\"odd\"><td class=\"data-name\" data-label=\"Hr\u00e1\u010d\">Petr Van\u011bk<\/td><td class=\"data-playedstats\" data-label=\"Z\u00e1pasy\">18<\/td><td class=\"data-winstats\" data-label=\"V\u00edt\u011bzstv\u00ed\">8<\/td><td class=\"data-lossstats\" data-label=\"Prohry\">10<\/td><td class=\"data-spnost\" data-label=\"\u00dasp\u011b\u0161nost\">44.44<\/td><\/tr><tr class=\"even\"><td class=\"data-name\" data-label=\"Hr\u00e1\u010d\">Jaroslav Posp\u00ed\u0161il<\/td><td class=\"data-playedstats\" data-label=\"Z\u00e1pasy\">12<\/td><td class=\"data-winstats\" data-label=\"V\u00edt\u011bzstv\u00ed\">4<\/td><td class=\"data-lossstats\" data-label=\"Prohry\">8<\/td><td class=\"data-spnost\" data-label=\"\u00dasp\u011b\u0161nost\">33.33<\/td><\/tr><tr class=\"odd\"><td class=\"data-name\" data-label=\"Hr\u00e1\u010d\">Przemyslav Kawecki<\/td><td class=\"data-playedstats\" data-label=\"Z\u00e1pasy\">8<\/td><td class=\"data-winstats\" data-label=\"V\u00edt\u011bzstv\u00ed\">2<\/td><td class=\"data-lossstats\" data-label=\"Prohry\">6<\/td><td class=\"data-spnost\" data-label=\"\u00dasp\u011b\u0161nost\">25.00<\/td><\/tr><tr class=\"even\"><td class=\"data-name\" data-label=\"Hr\u00e1\u010d\">Ji\u0159\u00ed Novotn\u00fd<\/td><td class=\"data-playedstats\" data-label=\"Z\u00e1pasy\">5<\/td><td class=\"data-winstats\" data-label=\"V\u00edt\u011bzstv\u00ed\">1<\/td><td class=\"data-lossstats\" data-label=\"Prohry\">4<\/td><td class=\"data-spnost\" data-label=\"\u00dasp\u011b\u0161nost\">20.00<\/td><\/tr><tr class=\"odd\"><td class=\"data-name\" data-label=\"Hr\u00e1\u010d\">V\u00e1clav Pavelka<\/td><td class=\"data-playedstats\" data-label=\"Z\u00e1pasy\">5<\/td><td class=\"data-winstats\" data-label=\"V\u00edt\u011bzstv\u00ed\">1<\/td><td class=\"data-lossstats\" data-label=\"Prohry\">4<\/td><td class=\"data-spnost\" data-label=\"\u00dasp\u011b\u0161nost\">20.00<\/td><\/tr><tr class=\"even\"><td class=\"data-name\" data-label=\"Hr\u00e1\u010d\">Roman Luben\u00edk<\/td><td class=\"data-playedstats\" data-label=\"Z\u00e1pasy\">6<\/td><td class=\"data-winstats\" data-label=\"V\u00edt\u011bzstv\u00ed\">1<\/td><td class=\"data-lossstats\" data-label=\"Prohry\">5<\/td><td class=\"data-spnost\" data-label=\"\u00dasp\u011b\u0161nost\">16.67<\/td><\/tr><tr class=\"odd\"><td class=\"data-name\" data-label=\"Hr\u00e1\u010d\">B\u00e1ra Mat\u011bj\u00ed\u010dkov\u00e1<\/td><td class=\"data-playedstats\" data-label=\"Z\u00e1pasy\">12<\/td><td class=\"data-winstats\" data-label=\"V\u00edt\u011bzstv\u00ed\">1<\/td><td class=\"data-lossstats\" data-label=\"Prohry\">11<\/td><td class=\"data-spnost\" data-label=\"\u00dasp\u011b\u0161nost\">8.33<\/td><\/tr><\/tbody><\/table><\/div><\/div><\/div><\/span><\/p>\n<\/div>","protected":false},"excerpt":{"rendered":"<p>Hr\u00e1\u010di s 50% a v\u00edce odehran\u00fdch utk\u00e1n\u00ed Hr\u00e1\u010di s m\u00e9n\u011b ne\u017e 50% odehran\u00fdch utk\u00e1n\u00ed<\/p>\n","protected":false},"author":1,"featured_media":0,"parent":496,"menu_order":0,"comment_status":"closed","ping_status":"closed","template":"","meta":[],"_links":{"self":[{"href":"https:\/\/www.alstkrnov.cz\/index.php?rest_route=\/wp\/v2\/pages\/745"}],"collection":[{"href":"https:\/\/www.alstkrnov.cz\/index.php?rest_route=\/wp\/v2\/pages"}],"about":[{"href":"https:\/\/www.alstkrnov.cz\/index.php?rest_route=\/wp\/v2\/types\/page"}],"author":[{"embeddable":true,"href":"https:\/\/www.alstkrnov.cz\/index.php?rest_route=\/wp\/v2\/users\/1"}],"replies":[{"embeddable":true,"href":"https:\/\/www.alstkrnov.cz\/index.php?rest_route=%2Fwp%2Fv2%2Fcomments&post=745"}],"version-history":[{"count":4,"href":"https:\/\/www.alstkrnov.cz\/index.php?rest_route=\/wp\/v2\/pages\/745\/revisions"}],"predecessor-version":[{"id":857,"href":"https:\/\/www.alstkrnov.cz\/index.php?rest_route=\/wp\/v2\/pages\/745\/revisions\/857"}],"up":[{"embeddable":true,"href":"https:\/\/www.alstkrnov.cz\/index.php?rest_route=\/wp\/v2\/pages\/496"}],"wp:attachment":[{"href":"https:\/\/www.alstkrnov.cz\/index.php?rest_route=%2Fwp%2Fv2%2Fmedia&parent=745"}],"curies":[{"name":"wp","href":"https:\/\/api.w.org\/{rel}","templated":true}]}}