


{"id":863,"date":"2019-02-08T18:35:00","date_gmt":"2019-02-08T17:35:00","guid":{"rendered":"http:\/\/www.alstkrnov.cz\/?page_id=863"},"modified":"2019-11-28T12:31:42","modified_gmt":"2019-11-28T11:31:42","slug":"uspesnost-jednotlivcu-2019","status":"publish","type":"page","link":"https:\/\/www.alstkrnov.cz\/?page_id=863","title":{"rendered":"\u00dasp\u011b\u0161nost jednotlivc\u016f 2019"},"content":{"rendered":"<div class=\"pf-content\"><p><strong>Hr\u00e1\u010di s 50% a v\u00edce odehran\u00fdch utk\u00e1n\u00ed<\/strong><\/p>\n<div class=\"sportspress\"><div class=\"sp-template sp-template-player-list\"><div class=\"sp-table-wrapper\"><table class=\"sp-player-list sp-data-table sp-sortable-table sp-scrollable-table\" data-sp-rows=\"10\"><thead><tr><th class=\"data-name\">Hr\u00e1\u010d<\/th><th class=\"data-playedstats\">Z\u00e1pasy<\/th><th class=\"data-winstats\">V\u00edt\u011bzstv\u00ed<\/th><th class=\"data-lossstats\">Prohry<\/th><th class=\"data-spnost\">\u00dasp\u011b\u0161nost<\/th><\/tr><\/thead><tbody><tr class=\"odd\"><td class=\"data-name\" data-label=\"Hr\u00e1\u010d\">V\u00edt\u011bzslav Kadlec<\/td><td class=\"data-playedstats\" data-label=\"Z\u00e1pasy\">36<\/td><td class=\"data-winstats\" data-label=\"V\u00edt\u011bzstv\u00ed\">35<\/td><td class=\"data-lossstats\" data-label=\"Prohry\">1<\/td><td class=\"data-spnost\" data-label=\"\u00dasp\u011b\u0161nost\">97.22<\/td><\/tr><tr class=\"even\"><td class=\"data-name\" data-label=\"Hr\u00e1\u010d\">Alexandr Szeliga<\/td><td class=\"data-playedstats\" data-label=\"Z\u00e1pasy\">30<\/td><td class=\"data-winstats\" data-label=\"V\u00edt\u011bzstv\u00ed\">25<\/td><td class=\"data-lossstats\" data-label=\"Prohry\">5<\/td><td class=\"data-spnost\" data-label=\"\u00dasp\u011b\u0161nost\">83.33<\/td><\/tr><tr class=\"odd\"><td class=\"data-name\" data-label=\"Hr\u00e1\u010d\">Richard \u0160imek<\/td><td class=\"data-playedstats\" data-label=\"Z\u00e1pasy\">34<\/td><td class=\"data-winstats\" data-label=\"V\u00edt\u011bzstv\u00ed\">28<\/td><td class=\"data-lossstats\" data-label=\"Prohry\">6<\/td><td class=\"data-spnost\" data-label=\"\u00dasp\u011b\u0161nost\">82.35<\/td><\/tr><tr class=\"even\"><td class=\"data-name\" data-label=\"Hr\u00e1\u010d\">David \u0160krla<\/td><td class=\"data-playedstats\" data-label=\"Z\u00e1pasy\">24<\/td><td class=\"data-winstats\" data-label=\"V\u00edt\u011bzstv\u00ed\">18<\/td><td class=\"data-lossstats\" data-label=\"Prohry\">6<\/td><td class=\"data-spnost\" data-label=\"\u00dasp\u011b\u0161nost\">75.00<\/td><\/tr><tr class=\"odd\"><td class=\"data-name\" data-label=\"Hr\u00e1\u010d\">Vladislav Krukovskij<\/td><td class=\"data-playedstats\" data-label=\"Z\u00e1pasy\">29<\/td><td class=\"data-winstats\" data-label=\"V\u00edt\u011bzstv\u00ed\">21<\/td><td class=\"data-lossstats\" data-label=\"Prohry\">8<\/td><td class=\"data-spnost\" data-label=\"\u00dasp\u011b\u0161nost\">72.41<\/td><\/tr><tr class=\"even\"><td class=\"data-name\" data-label=\"Hr\u00e1\u010d\">Martin \u0160obr<\/td><td class=\"data-playedstats\" data-label=\"Z\u00e1pasy\">24<\/td><td class=\"data-winstats\" data-label=\"V\u00edt\u011bzstv\u00ed\">15<\/td><td class=\"data-lossstats\" data-label=\"Prohry\">9<\/td><td class=\"data-spnost\" data-label=\"\u00dasp\u011b\u0161nost\">62.50<\/td><\/tr><tr class=\"odd\"><td class=\"data-name\" data-label=\"Hr\u00e1\u010d\">Petr Van\u011bk<\/td><td class=\"data-playedstats\" data-label=\"Z\u00e1pasy\">29<\/td><td class=\"data-winstats\" data-label=\"V\u00edt\u011bzstv\u00ed\">18<\/td><td class=\"data-lossstats\" data-label=\"Prohry\">11<\/td><td class=\"data-spnost\" data-label=\"\u00dasp\u011b\u0161nost\">62.07<\/td><\/tr><tr class=\"even\"><td class=\"data-name\" data-label=\"Hr\u00e1\u010d\">Ji\u0159\u00ed Bro\u017eovi\u010d<\/td><td class=\"data-playedstats\" data-label=\"Z\u00e1pasy\">21<\/td><td class=\"data-winstats\" data-label=\"V\u00edt\u011bzstv\u00ed\">12<\/td><td class=\"data-lossstats\" data-label=\"Prohry\">9<\/td><td class=\"data-spnost\" data-label=\"\u00dasp\u011b\u0161nost\">57.14<\/td><\/tr><tr class=\"odd\"><td class=\"data-name\" data-label=\"Hr\u00e1\u010d\">Jarom\u00edr Mat\u00fdsek<\/td><td class=\"data-playedstats\" data-label=\"Z\u00e1pasy\">32<\/td><td class=\"data-winstats\" data-label=\"V\u00edt\u011bzstv\u00ed\">18<\/td><td class=\"data-lossstats\" data-label=\"Prohry\">14<\/td><td class=\"data-spnost\" data-label=\"\u00dasp\u011b\u0161nost\">56.25<\/td><\/tr><tr class=\"even\"><td class=\"data-name\" data-label=\"Hr\u00e1\u010d\">Stanislav Chyl\u00edk<\/td><td class=\"data-playedstats\" data-label=\"Z\u00e1pasy\">20<\/td><td class=\"data-winstats\" data-label=\"V\u00edt\u011bzstv\u00ed\">11<\/td><td class=\"data-lossstats\" data-label=\"Prohry\">9<\/td><td class=\"data-spnost\" data-label=\"\u00dasp\u011b\u0161nost\">55.00<\/td><\/tr><tr class=\"odd\"><td class=\"data-name\" data-label=\"Hr\u00e1\u010d\">Jaroslav Posp\u00ed\u0161il<\/td><td class=\"data-playedstats\" data-label=\"Z\u00e1pasy\">31<\/td><td class=\"data-winstats\" data-label=\"V\u00edt\u011bzstv\u00ed\">14<\/td><td class=\"data-lossstats\" data-label=\"Prohry\">17<\/td><td class=\"data-spnost\" data-label=\"\u00dasp\u011b\u0161nost\">45.16<\/td><\/tr><tr class=\"even\"><td class=\"data-name\" data-label=\"Hr\u00e1\u010d\">Vladislav \u0160\u00e1\u0161ek<\/td><td class=\"data-playedstats\" data-label=\"Z\u00e1pasy\">28<\/td><td class=\"data-winstats\" data-label=\"V\u00edt\u011bzstv\u00ed\">11<\/td><td class=\"data-lossstats\" data-label=\"Prohry\">17<\/td><td class=\"data-spnost\" data-label=\"\u00dasp\u011b\u0161nost\">39.29<\/td><\/tr><tr class=\"odd\"><td class=\"data-name\" data-label=\"Hr\u00e1\u010d\">Vangelis \u010candas<\/td><td class=\"data-playedstats\" data-label=\"Z\u00e1pasy\">34<\/td><td class=\"data-winstats\" data-label=\"V\u00edt\u011bzstv\u00ed\">13<\/td><td class=\"data-lossstats\" data-label=\"Prohry\">21<\/td><td class=\"data-spnost\" data-label=\"\u00dasp\u011b\u0161nost\">38.24<\/td><\/tr><tr class=\"even\"><td class=\"data-name\" data-label=\"Hr\u00e1\u010d\">Zden\u011bk \u0158\u00edha<\/td><td class=\"data-playedstats\" data-label=\"Z\u00e1pasy\">32<\/td><td class=\"data-winstats\" data-label=\"V\u00edt\u011bzstv\u00ed\">12<\/td><td class=\"data-lossstats\" data-label=\"Prohry\">20<\/td><td class=\"data-spnost\" data-label=\"\u00dasp\u011b\u0161nost\">37.50<\/td><\/tr><tr class=\"odd\"><td class=\"data-name\" data-label=\"Hr\u00e1\u010d\">Luk\u00e1\u0161 P\u0159asli\u010d\u00e1k<\/td><td class=\"data-playedstats\" data-label=\"Z\u00e1pasy\">32<\/td><td class=\"data-winstats\" data-label=\"V\u00edt\u011bzstv\u00ed\">5<\/td><td class=\"data-lossstats\" data-label=\"Prohry\">27<\/td><td class=\"data-spnost\" data-label=\"\u00dasp\u011b\u0161nost\">15.63<\/td><\/tr><tr class=\"even\"><td class=\"data-name\" data-label=\"Hr\u00e1\u010d\">Michal Zlobiacki<\/td><td class=\"data-playedstats\" data-label=\"Z\u00e1pasy\">20<\/td><td class=\"data-winstats\" data-label=\"V\u00edt\u011bzstv\u00ed\">2<\/td><td class=\"data-lossstats\" data-label=\"Prohry\">18<\/td><td class=\"data-spnost\" data-label=\"\u00dasp\u011b\u0161nost\">10.00<\/td><\/tr><tr class=\"odd\"><td class=\"data-name\" data-label=\"Hr\u00e1\u010d\">Ros\u0165a Zips<\/td><td class=\"data-playedstats\" data-label=\"Z\u00e1pasy\">30<\/td><td class=\"data-winstats\" data-label=\"V\u00edt\u011bzstv\u00ed\">3<\/td><td class=\"data-lossstats\" data-label=\"Prohry\">27<\/td><td class=\"data-spnost\" data-label=\"\u00dasp\u011b\u0161nost\">10.00<\/td><\/tr><tr class=\"even\"><td class=\"data-name\" data-label=\"Hr\u00e1\u010d\">B\u0159etislav Grulich<\/td><td class=\"data-playedstats\" data-label=\"Z\u00e1pasy\">34<\/td><td class=\"data-winstats\" data-label=\"V\u00edt\u011bzstv\u00ed\">2<\/td><td class=\"data-lossstats\" data-label=\"Prohry\">32<\/td><td class=\"data-spnost\" data-label=\"\u00dasp\u011b\u0161nost\">5.88<\/td><\/tr><\/tbody><\/table><\/div><\/div><\/div>\n<p><strong>Hr\u00e1\u010di s m\u00e9n\u011b ne\u017e 50% odehran\u00fdch utk\u00e1n\u00ed<\/strong><\/p>\n<div class=\"sportspress\"><div class=\"sp-template sp-template-player-list\"><div class=\"sp-table-wrapper\"><table class=\"sp-player-list sp-data-table sp-sortable-table sp-scrollable-table\" data-sp-rows=\"10\"><thead><tr><th class=\"data-name\">Hr\u00e1\u010d<\/th><th class=\"data-playedstats\">Z\u00e1pasy<\/th><th class=\"data-winstats\">V\u00edt\u011bzstv\u00ed<\/th><th class=\"data-lossstats\">Prohry<\/th><th class=\"data-spnost\">\u00dasp\u011b\u0161nost<\/th><\/tr><\/thead><tbody><tr class=\"odd\"><td class=\"data-name\" data-label=\"Hr\u00e1\u010d\">Ji\u0159\u00ed Holubec<\/td><td class=\"data-playedstats\" data-label=\"Z\u00e1pasy\">12<\/td><td class=\"data-winstats\" data-label=\"V\u00edt\u011bzstv\u00ed\">11<\/td><td class=\"data-lossstats\" data-label=\"Prohry\">1<\/td><td class=\"data-spnost\" data-label=\"\u00dasp\u011b\u0161nost\">91.67<\/td><\/tr><tr class=\"even\"><td class=\"data-name\" data-label=\"Hr\u00e1\u010d\">Daniel Pon\u00ed\u017eil<\/td><td class=\"data-playedstats\" data-label=\"Z\u00e1pasy\">11<\/td><td class=\"data-winstats\" data-label=\"V\u00edt\u011bzstv\u00ed\">10<\/td><td class=\"data-lossstats\" data-label=\"Prohry\">1<\/td><td class=\"data-spnost\" data-label=\"\u00dasp\u011b\u0161nost\">90.91<\/td><\/tr><tr class=\"odd\"><td class=\"data-name\" data-label=\"Hr\u00e1\u010d\">Rostislav Carbol<\/td><td class=\"data-playedstats\" data-label=\"Z\u00e1pasy\">6<\/td><td class=\"data-winstats\" data-label=\"V\u00edt\u011bzstv\u00ed\">4<\/td><td class=\"data-lossstats\" data-label=\"Prohry\">2<\/td><td class=\"data-spnost\" data-label=\"\u00dasp\u011b\u0161nost\">66.67<\/td><\/tr><tr class=\"even\"><td class=\"data-name\" data-label=\"Hr\u00e1\u010d\">Ren\u00e9 Jirou\u0161ek<\/td><td class=\"data-playedstats\" data-label=\"Z\u00e1pasy\">9<\/td><td class=\"data-winstats\" data-label=\"V\u00edt\u011bzstv\u00ed\">6<\/td><td class=\"data-lossstats\" data-label=\"Prohry\">3<\/td><td class=\"data-spnost\" data-label=\"\u00dasp\u011b\u0161nost\">66.67<\/td><\/tr><tr class=\"odd\"><td class=\"data-name\" data-label=\"Hr\u00e1\u010d\">Jan Pol\u00e1\u010dek<\/td><td class=\"data-playedstats\" data-label=\"Z\u00e1pasy\">10<\/td><td class=\"data-winstats\" data-label=\"V\u00edt\u011bzstv\u00ed\">4<\/td><td class=\"data-lossstats\" data-label=\"Prohry\">6<\/td><td class=\"data-spnost\" data-label=\"\u00dasp\u011b\u0161nost\">40.00<\/td><\/tr><tr class=\"even\"><td class=\"data-name\" data-label=\"Hr\u00e1\u010d\">Marian Kawecki<\/td><td class=\"data-playedstats\" data-label=\"Z\u00e1pasy\">19<\/td><td class=\"data-winstats\" data-label=\"V\u00edt\u011bzstv\u00ed\">3<\/td><td class=\"data-lossstats\" data-label=\"Prohry\">16<\/td><td class=\"data-spnost\" data-label=\"\u00dasp\u011b\u0161nost\">15.79<\/td><\/tr><\/tbody><\/table><\/div><\/div><\/div>\n<\/div>","protected":false},"excerpt":{"rendered":"<p>Hr\u00e1\u010di s 50% a v\u00edce odehran\u00fdch utk\u00e1n\u00ed Hr\u00e1\u010di s m\u00e9n\u011b ne\u017e 50% odehran\u00fdch utk\u00e1n\u00ed<\/p>\n","protected":false},"author":1,"featured_media":0,"parent":0,"menu_order":0,"comment_status":"closed","ping_status":"closed","template":"","meta":[],"_links":{"self":[{"href":"https:\/\/www.alstkrnov.cz\/index.php?rest_route=\/wp\/v2\/pages\/863"}],"collection":[{"href":"https:\/\/www.alstkrnov.cz\/index.php?rest_route=\/wp\/v2\/pages"}],"about":[{"href":"https:\/\/www.alstkrnov.cz\/index.php?rest_route=\/wp\/v2\/types\/page"}],"author":[{"embeddable":true,"href":"https:\/\/www.alstkrnov.cz\/index.php?rest_route=\/wp\/v2\/users\/1"}],"replies":[{"embeddable":true,"href":"https:\/\/www.alstkrnov.cz\/index.php?rest_route=%2Fwp%2Fv2%2Fcomments&post=863"}],"version-history":[{"count":2,"href":"https:\/\/www.alstkrnov.cz\/index.php?rest_route=\/wp\/v2\/pages\/863\/revisions"}],"predecessor-version":[{"id":950,"href":"https:\/\/www.alstkrnov.cz\/index.php?rest_route=\/wp\/v2\/pages\/863\/revisions\/950"}],"wp:attachment":[{"href":"https:\/\/www.alstkrnov.cz\/index.php?rest_route=%2Fwp%2Fv2%2Fmedia&parent=863"}],"curies":[{"name":"wp","href":"https:\/\/api.w.org\/{rel}","templated":true}]}}