


{"id":956,"date":"2020-01-22T10:55:47","date_gmt":"2020-01-22T09:55:47","guid":{"rendered":"https:\/\/www.alstkrnov.cz\/?page_id=956"},"modified":"2020-01-22T12:18:19","modified_gmt":"2020-01-22T11:18:19","slug":"alst-krnov-z-s","status":"publish","type":"page","link":"https:\/\/www.alstkrnov.cz\/?page_id=956","title":{"rendered":"ALST Krnov z.s."},"content":{"rendered":"<div class=\"pf-content\"><p>Z\u00e1jmov\u00fd spolek ALST Krnov z.s. vznikl v Krnov\u011b dne 4.1.2020<\/p>\n<p>Jeho \u00fa\u010delem je sdru\u017eovat z\u00e1jemce o sportovn\u00ed aktivity p\u0159edev\u0161\u00edm v oblasti stoln\u00edho tenisu, organizace, \u0159\u00edzen\u00ed a podpora aktivit a sout\u011b\u017e\u00ed s t\u00edm spojen\u00fdch.<\/p>\n<p><span style=\"font-size: medium;\">P\u0159edm\u011bt \u010dinnosti spolku je zejm\u00e9na o<\/span>rganizace, \u0159\u00edzen\u00ed a podpora Amat\u00e9rsk\u00e9 ligy stoln\u00edho tenisu Krnov, organizace dal\u0161\u00edch sportovn\u00edch sout\u011b\u017e\u00ed se zam\u011b\u0159en\u00edm na stoln\u00ed tenis, vytv\u00e1\u0159en\u00ed vhodn\u00fdch podm\u00ednek pro sportovn\u00ed p\u0159\u00edpravu \u010dlen\u016f spolku, zaji\u0161\u0165ov\u00e1n\u00ed tr\u00e9ninkov\u00fdch podm\u00ednek a poskytov\u00e1n\u00ed praktick\u00e9 v\u00fduky a propagace stoln\u00edho tenisu, zejm\u00e9na se z\u0159etelem na \u017e\u00e1kovskou kategorii a ml\u00e1de\u017e.<\/p>\n<p>\u010clenstv\u00ed ve spolku nen\u00ed nijak omezeno, \u010dlenem se m\u016f\u017ee st\u00e1t kdokoliv, kdo projev\u00ed z\u00e1jem o \u010dlenstv\u00ed, vypln\u00ed z\u00e1vaznou p\u0159ihl\u00e1\u0161ku a uhrad\u00ed \u010dlensk\u00e9 p\u0159\u00edsp\u011bvky ve v\u00fd\u0161i stanoven\u00e9 \u010dlenskou sch\u016fz\u00ed.<\/p>\n<iframe src=\"\/\/docs.google.com\/viewer?url=https%3A%2F%2Fwww.alstkrnov.cz%2Fwp-content%2Fuploads%2F2020%2F01%2FStanovy_spolku_ALST-Krnov.pdf&hl=cs&embedded=true\" class=\"gde-frame\" style=\"width:100%; height:500px; border: none;\" scrolling=\"no\"><\/iframe>\n<p class=\"gde-text\"><a href=\"https:\/\/www.alstkrnov.cz\/wp-content\/uploads\/2020\/01\/Stanovy_spolku_ALST-Krnov.pdf\" class=\"gde-link\">St\u00e1hnout (PDF, 33KB)<\/a><\/p>\n<iframe src=\"\/\/docs.google.com\/viewer?url=https%3A%2F%2Fwww.alstkrnov.cz%2Fwp-content%2Fuploads%2F2020%2F01%2FUstavuj%C3%ADc%C3%AD_sch%C5%AFze_spolku_ALST-Krnov.pdf&hl=cs&embedded=true\" class=\"gde-frame\" style=\"width:100%; height:500px; border: none;\" scrolling=\"no\"><\/iframe>\n<p class=\"gde-text\"><a href=\"https:\/\/www.alstkrnov.cz\/wp-content\/uploads\/2020\/01\/Ustavuj\u00edc\u00ed_sch\u016fze_spolku_ALST-Krnov.pdf\" class=\"gde-link\">St\u00e1hnout (PDF, 32KB)<\/a><\/p>\n<p>&nbsp;<\/p>\n<\/div>","protected":false},"excerpt":{"rendered":"<p>Z\u00e1jmov\u00fd spolek ALST Krnov z.s. vznikl v Krnov\u011b dne 4.1.2020 Jeho \u00fa\u010delem je sdru\u017eovat z\u00e1jemce o sportovn\u00ed aktivity p\u0159edev\u0161\u00edm v oblasti stoln\u00edho tenisu, organizace, \u0159\u00edzen\u00ed a podpora aktivit a sout\u011b\u017e\u00ed s t\u00edm spojen\u00fdch. P\u0159edm\u011bt&#46;&#46;&#46;<\/p>\n","protected":false},"author":1,"featured_media":0,"parent":0,"menu_order":0,"comment_status":"closed","ping_status":"closed","template":"","meta":[],"_links":{"self":[{"href":"https:\/\/www.alstkrnov.cz\/index.php?rest_route=\/wp\/v2\/pages\/956"}],"collection":[{"href":"https:\/\/www.alstkrnov.cz\/index.php?rest_route=\/wp\/v2\/pages"}],"about":[{"href":"https:\/\/www.alstkrnov.cz\/index.php?rest_route=\/wp\/v2\/types\/page"}],"author":[{"embeddable":true,"href":"https:\/\/www.alstkrnov.cz\/index.php?rest_route=\/wp\/v2\/users\/1"}],"replies":[{"embeddable":true,"href":"https:\/\/www.alstkrnov.cz\/index.php?rest_route=%2Fwp%2Fv2%2Fcomments&post=956"}],"version-history":[{"count":2,"href":"https:\/\/www.alstkrnov.cz\/index.php?rest_route=\/wp\/v2\/pages\/956\/revisions"}],"predecessor-version":[{"id":962,"href":"https:\/\/www.alstkrnov.cz\/index.php?rest_route=\/wp\/v2\/pages\/956\/revisions\/962"}],"wp:attachment":[{"href":"https:\/\/www.alstkrnov.cz\/index.php?rest_route=%2Fwp%2Fv2%2Fmedia&parent=956"}],"curies":[{"name":"wp","href":"https:\/\/api.w.org\/{rel}","templated":true}]}}